{"id":80,"date":"2020-06-15T13:46:04","date_gmt":"2020-06-15T11:46:04","guid":{"rendered":"https:\/\/saveurs-cerneux-belin.ch\/?page_id=80"},"modified":"2026-03-19T11:09:00","modified_gmt":"2026-03-19T10:09:00","slug":"produits-artisanaux","status":"publish","type":"page","link":"https:\/\/saveurs-cerneux-belin.ch\/en\/produits-artisanaux\/","title":{"rendered":"Artisan products"},"content":{"rendered":"<div class=\"wpb-content-wrapper\"><div data-parent=\"true\" class=\"vc_row has-bg need-focus style-color-810884-bg row-container onepage-section\" data-label=\"Viande\" data-name=\"viande\" id=\"row-unique-0\"><div class=\"row double-top-padding double-bottom-padding single-h-padding limit-width row-parent\"><div class=\"wpb_row row-inner\"><div class=\"wpb_column pos-top pos-center align_left column_parent col-lg-12 single-internal-gutter\"><div class=\"uncol style-spec style-dark\"  ><div class=\"uncoltable\"><div class=\"uncell no-block-padding\" ><div class=\"uncont\" ><div class=\"vc_row row-internal row-container\"><div class=\"row col-double-gutter row-child\"><div class=\"wpb_row row-inner\"><div class=\"wpb_column pos-top pos-left align_left column_child col-lg-8 single-internal-gutter\"><div class=\"uncol style-light\" ><div class=\"uncoltable\"><div class=\"uncell no-block-padding\" ><div class=\"uncont\" style=\" max-width:95%;\" ><div class=\"vc_custom_heading_wrap\"><div class=\"heading-text el-text\" ><h1 class=\"font-219816 h1 text-uppercase\" ><span>Sale of artisanal products<\/span><\/h1><\/div><div class=\"clear\"><\/div><\/div><div class=\"uncode_text_column\" ><p>B\u00e9atrice Bonnet offers you sweet treats such as bricelets, caramels, meringues, jams, and syrups. Everything is homemade and crafted in an artisanal way, preferably using regional ingredients.<\/p>\n<p>Every Saturday and Sunday, or on order: half-white or seeded breads, plaits and to\u00e9tch\u00e9s. The to\u00e9tch\u00e9s, a Jura speciality, come in 3 delicious varieties: plain, with T\u00eate de Moine cheese and chives, or with smoked bacon.<\/p>\n<p>For businesses or special occasions, we also offer gourmet baskets as gifts.<\/p>\n<p>We are available to advise you and offer you an attractive deal.<\/p>\n<\/div><\/div><\/div><\/div><\/div><\/div><div class=\"wpb_column pos-top pos-center align_left column_child col-lg-4 single-internal-gutter\"><div class=\"uncol style-light\" ><div class=\"uncoltable\"><div class=\"uncell no-block-padding\" ><div class=\"uncont\" ><div class=\"uncode-single-media  text-left\"><div class=\"single-wrapper\" style=\"max-width: 100%;\"><div class=\"tmb tmb-light  tmb-media-first tmb-media-last tmb-content-overlay tmb-no-bg\"><div class=\"t-inside\"><div class=\"t-entry-visual\"><div class=\"t-entry-visual-tc\"><div class=\"uncode-single-media-wrapper\"><img decoding=\"async\" class=\"wp-image-860\" src=\"https:\/\/saveurs-cerneux-belin.ch\/wp-content\/uploads\/Produits_artisanaux_intro.png\" width=\"930\" height=\"1145\" alt=\"\" srcset=\"https:\/\/saveurs-cerneux-belin.ch\/wp-content\/uploads\/Produits_artisanaux_intro.png 930w, https:\/\/saveurs-cerneux-belin.ch\/wp-content\/uploads\/Produits_artisanaux_intro-244x300.png 244w, https:\/\/saveurs-cerneux-belin.ch\/wp-content\/uploads\/Produits_artisanaux_intro-832x1024.png 832w, https:\/\/saveurs-cerneux-belin.ch\/wp-content\/uploads\/Produits_artisanaux_intro-768x946.png 768w, https:\/\/saveurs-cerneux-belin.ch\/wp-content\/uploads\/Produits_artisanaux_intro-350x431.png 350w\" sizes=\"(max-width: 930px) 100vw, 930px\" \/><\/div>\n\t\t\t\t\t<\/div>\n\t\t\t\t<\/div><\/div><\/div><\/div><\/div><\/div><\/div><\/div><\/div><\/div><\/div><\/div><\/div><\/div><\/div><\/div><\/div><\/div><script id=\"script-row-unique-0\" data-row=\"script-row-unique-0\" type=\"text\/javascript\" class=\"vc_controls\">UNCODE.initRow(document.getElementById(\"row-unique-0\"));<\/script><\/div><\/div><\/div><div data-parent=\"true\" class=\"vc_row has-bg need-focus style-color-xsdn-bg row-container onepage-section\" data-label=\"Self\" data-name=\"self\" id=\"row-unique-1\"><div class=\"row double-top-padding double-bottom-padding single-h-padding limit-width row-parent\"><div class=\"wpb_row row-inner\"><div class=\"wpb_column pos-top pos-center align_left column_parent col-lg-12 single-internal-gutter\"><div class=\"uncol style-light\"  ><div class=\"uncoltable\"><div class=\"uncell no-block-padding\" ><div class=\"uncont\" ><div class=\"vc_row row-internal row-container\"><div class=\"row row-child\"><div class=\"wpb_row row-inner\"><div class=\"wpb_column pos-top pos-center align_center column_child col-lg-12 single-internal-gutter\"><div class=\"uncol style-light\" ><div class=\"uncoltable\"><div class=\"uncell no-block-padding\" ><div class=\"uncont\" ><div class=\"vc_custom_heading_wrap\"><div class=\"heading-text el-text\" ><h2 class=\"font-219816 h2 text-color-117133-color text-uppercase\" ><span>List of handmade textile products<\/span><\/h2><\/div><div class=\"clear\"><\/div><\/div><div class=\"uncode_text_column\" ><p>Caramelised almonds<br \/>\nJurassian biscuits<br \/>\nHazelnut biscuits<br \/>\nCranberry biscuits<br \/>\nOatmeal cookies<br \/>\nCaramels<br \/>\nFruit jams and jellies by season<br \/>\nHazelnut jam<br \/>\nMilk jam<br \/>\nMeringues<br \/>\nOur hens' eggs<br \/>\nPavlova<br \/>\nWhite bread or seeded bread<br \/>\nShortbread biscuits<br \/>\nFruit syrups by season<br \/>\nFresh Sp\u00e4tzli<br \/>\nToetch\u00e9s Nature (Sour Cream)<br \/>\nToetch\u00e9s T\u00eate de moine and chives<br \/>\nToetch\u00e9s with smoked bacon<br \/>\nHair<\/p>\n<\/div><\/div><\/div><\/div><\/div><\/div><\/div><\/div><\/div><\/div><\/div><\/div><\/div><\/div><script id=\"script-row-unique-1\" data-row=\"script-row-unique-1\" type=\"text\/javascript\" class=\"vc_controls\">UNCODE.initRow(document.getElementById(\"row-unique-1\"));<\/script><\/div><\/div><\/div><div data-parent=\"true\" class=\"vc_row has-bg need-focus style-color-810884-bg row-container\" id=\"row-unique-2\"><div class=\"row limit-width row-parent\"><div class=\"wpb_row row-inner\"><div class=\"wpb_column pos-top pos-center align_left column_parent col-lg-12 single-internal-gutter\"><div class=\"uncol style-light\"  ><div class=\"uncoltable\"><div class=\"uncell no-block-padding\" ><div class=\"uncont\" ><div class=\"vc_custom_heading_wrap\"><div class=\"heading-text el-text\" ><h2 class=\"font-219816 h2 text-uppercase\" ><span>Homemade products!<\/span><\/h2><\/div><div class=\"clear\"><\/div><\/div><div id=\"produits_artisanaux\" class=\"un-media-gallery isotope-system isotope-general-light grid-general-light\">\n\t\t\t\t\t\n\t\n\t<div class=\"isotope-wrapper grid-wrapper single-gutter\" >\n\t\t\t\t\t\t\t\t\t<div class=\"isotope-container isotope-layout style-masonry\" data-type=\"masonry\" data-layout=\"masonry\" data-lg=\"1000\" data-md=\"600\" data-sm=\"480\">\n<div class=\"tmb tmb-iso-w4 tmb-iso-h4 tmb-light tmb-overlay-text-anim tmb-overlay-middle tmb-overlay-text-center tmb-image-anim tmb-id-894  tmb-media-first tmb-media-last tmb-content-overlay tmb-no-bg tmb-lightbox\" ><div class=\"t-inside no-anim\" ><div class=\"t-entry-visual\"><div class=\"t-entry-visual-tc\"><div class=\"t-entry-visual-cont\"><div class=\"dummy\" style=\"padding-top: 140.4%;\"><\/div><a href=\"https:\/\/saveurs-cerneux-belin.ch\/wp-content\/uploads\/Saveurs-Cerneux-Belin_Brunch_1.webp\"  class=\"pushed\" data-active=\"1\" data-lbox=\"ilightbox_produits_artisanaux\" data-options=\"width:924,height:1297,thumbnail: 'https:\/\/saveurs-cerneux-belin.ch\/wp-content\/uploads\/Saveurs-Cerneux-Belin_Brunch_1-214x300.webp'\" data-lb-index=\"0\"><div class=\"t-entry-visual-overlay\"><div class=\"t-entry-visual-overlay-in style-dark-bg\" style=\"opacity: 0.01;\"><\/div><\/div><img decoding=\"async\" class=\"wp-image-894\" src=\"https:\/\/saveurs-cerneux-belin.ch\/wp-content\/uploads\/Saveurs-Cerneux-Belin_Brunch_1.webp\" width=\"924\" height=\"1297\" alt=\"\" srcset=\"https:\/\/saveurs-cerneux-belin.ch\/wp-content\/uploads\/Saveurs-Cerneux-Belin_Brunch_1.webp 924w, https:\/\/saveurs-cerneux-belin.ch\/wp-content\/uploads\/Saveurs-Cerneux-Belin_Brunch_1-214x300.webp 214w, https:\/\/saveurs-cerneux-belin.ch\/wp-content\/uploads\/Saveurs-Cerneux-Belin_Brunch_1-730x1024.webp 730w, https:\/\/saveurs-cerneux-belin.ch\/wp-content\/uploads\/Saveurs-Cerneux-Belin_Brunch_1-768x1078.webp 768w, https:\/\/saveurs-cerneux-belin.ch\/wp-content\/uploads\/Saveurs-Cerneux-Belin_Brunch_1-350x491.webp 350w\" sizes=\"(max-width: 924px) 100vw, 924px\" \/><\/a><\/div>\n\t\t\t\t\t<\/div>\n\t\t\t\t<\/div><\/div><\/div><div class=\"tmb tmb-iso-w4 tmb-iso-h4 tmb-light tmb-overlay-text-anim tmb-overlay-middle tmb-overlay-text-center tmb-image-anim tmb-id-909  tmb-media-first tmb-media-last tmb-content-overlay tmb-no-bg tmb-lightbox\" ><div class=\"t-inside no-anim\" ><div class=\"t-entry-visual\"><div class=\"t-entry-visual-tc\"><div class=\"t-entry-visual-cont\"><div class=\"dummy\" style=\"padding-top: 107.2%;\"><\/div><a href=\"https:\/\/saveurs-cerneux-belin.ch\/wp-content\/uploads\/Saveurs_Cerneux_Belin_Saucisses.webp\"  class=\"pushed\" data-active=\"1\" data-lbox=\"ilightbox_produits_artisanaux\" data-options=\"width:900,height:965,thumbnail: 'https:\/\/saveurs-cerneux-belin.ch\/wp-content\/uploads\/Saveurs_Cerneux_Belin_Saucisses-280x300.webp'\" data-lb-index=\"1\"><div class=\"t-entry-visual-overlay\"><div class=\"t-entry-visual-overlay-in style-dark-bg\" style=\"opacity: 0.01;\"><\/div><\/div><img decoding=\"async\" class=\"wp-image-909\" src=\"https:\/\/saveurs-cerneux-belin.ch\/wp-content\/uploads\/Saveurs_Cerneux_Belin_Saucisses.webp\" width=\"900\" height=\"965\" alt=\"\" srcset=\"https:\/\/saveurs-cerneux-belin.ch\/wp-content\/uploads\/Saveurs_Cerneux_Belin_Saucisses.webp 900w, https:\/\/saveurs-cerneux-belin.ch\/wp-content\/uploads\/Saveurs_Cerneux_Belin_Saucisses-280x300.webp 280w, https:\/\/saveurs-cerneux-belin.ch\/wp-content\/uploads\/Saveurs_Cerneux_Belin_Saucisses-768x823.webp 768w, https:\/\/saveurs-cerneux-belin.ch\/wp-content\/uploads\/Saveurs_Cerneux_Belin_Saucisses-350x375.webp 350w\" sizes=\"(max-width: 900px) 100vw, 900px\" \/><\/a><\/div>\n\t\t\t\t\t<\/div>\n\t\t\t\t<\/div><\/div><\/div><div class=\"tmb tmb-iso-w4 tmb-iso-h4 tmb-light tmb-overlay-text-anim tmb-overlay-middle tmb-overlay-text-center tmb-image-anim tmb-id-907  tmb-media-first tmb-media-last tmb-content-overlay tmb-no-bg tmb-lightbox\" ><div class=\"t-inside no-anim\" ><div class=\"t-entry-visual\"><div class=\"t-entry-visual-tc\"><div class=\"t-entry-visual-cont\"><div class=\"dummy\" style=\"padding-top: 149%;\"><\/div><a href=\"https:\/\/saveurs-cerneux-belin.ch\/wp-content\/uploads\/Saveurs_Cerneux_Belin_Pain.webp\"  class=\"pushed\" data-active=\"1\" data-lbox=\"ilightbox_produits_artisanaux\" data-options=\"width:900,height:1341,thumbnail: 'https:\/\/saveurs-cerneux-belin.ch\/wp-content\/uploads\/Saveurs_Cerneux_Belin_Pain-201x300.webp'\" data-lb-index=\"2\"><div class=\"t-entry-visual-overlay\"><div class=\"t-entry-visual-overlay-in style-dark-bg\" style=\"opacity: 0.01;\"><\/div><\/div><img decoding=\"async\" class=\"wp-image-907\" src=\"https:\/\/saveurs-cerneux-belin.ch\/wp-content\/uploads\/Saveurs_Cerneux_Belin_Pain.webp\" width=\"900\" height=\"1341\" alt=\"\" srcset=\"https:\/\/saveurs-cerneux-belin.ch\/wp-content\/uploads\/Saveurs_Cerneux_Belin_Pain.webp 900w, https:\/\/saveurs-cerneux-belin.ch\/wp-content\/uploads\/Saveurs_Cerneux_Belin_Pain-201x300.webp 201w, https:\/\/saveurs-cerneux-belin.ch\/wp-content\/uploads\/Saveurs_Cerneux_Belin_Pain-687x1024.webp 687w, https:\/\/saveurs-cerneux-belin.ch\/wp-content\/uploads\/Saveurs_Cerneux_Belin_Pain-768x1144.webp 768w, https:\/\/saveurs-cerneux-belin.ch\/wp-content\/uploads\/Saveurs_Cerneux_Belin_Pain-350x522.webp 350w\" sizes=\"(max-width: 900px) 100vw, 900px\" \/><\/a><\/div>\n\t\t\t\t\t<\/div>\n\t\t\t\t<\/div><\/div><\/div><div class=\"tmb tmb-iso-w4 tmb-iso-h4 tmb-light tmb-overlay-text-anim tmb-overlay-middle tmb-overlay-text-center tmb-image-anim tmb-id-905  tmb-media-first tmb-media-last tmb-content-overlay tmb-no-bg tmb-lightbox\" ><div class=\"t-inside no-anim\" ><div class=\"t-entry-visual\"><div class=\"t-entry-visual-tc\"><div class=\"t-entry-visual-cont\"><div class=\"dummy\" style=\"padding-top: 156.2%;\"><\/div><a href=\"https:\/\/saveurs-cerneux-belin.ch\/wp-content\/uploads\/Saveurs_Cerneux_Belin_Bricelets.webp\"  class=\"pushed\" data-active=\"1\" data-lbox=\"ilightbox_produits_artisanaux\" data-options=\"width:900,height:1406,thumbnail: 'https:\/\/saveurs-cerneux-belin.ch\/wp-content\/uploads\/Saveurs_Cerneux_Belin_Bricelets-192x300.webp'\" data-lb-index=\"3\"><div class=\"t-entry-visual-overlay\"><div class=\"t-entry-visual-overlay-in style-dark-bg\" style=\"opacity: 0.01;\"><\/div><\/div><img decoding=\"async\" class=\"wp-image-905\" src=\"https:\/\/saveurs-cerneux-belin.ch\/wp-content\/uploads\/Saveurs_Cerneux_Belin_Bricelets.webp\" width=\"900\" height=\"1406\" alt=\"\" srcset=\"https:\/\/saveurs-cerneux-belin.ch\/wp-content\/uploads\/Saveurs_Cerneux_Belin_Bricelets.webp 900w, https:\/\/saveurs-cerneux-belin.ch\/wp-content\/uploads\/Saveurs_Cerneux_Belin_Bricelets-192x300.webp 192w, https:\/\/saveurs-cerneux-belin.ch\/wp-content\/uploads\/Saveurs_Cerneux_Belin_Bricelets-655x1024.webp 655w, https:\/\/saveurs-cerneux-belin.ch\/wp-content\/uploads\/Saveurs_Cerneux_Belin_Bricelets-768x1200.webp 768w, https:\/\/saveurs-cerneux-belin.ch\/wp-content\/uploads\/Saveurs_Cerneux_Belin_Bricelets-350x547.webp 350w\" sizes=\"(max-width: 900px) 100vw, 900px\" \/><\/a><\/div>\n\t\t\t\t\t<\/div>\n\t\t\t\t<\/div><\/div><\/div><div class=\"tmb tmb-iso-w4 tmb-iso-h4 tmb-light tmb-overlay-text-anim tmb-overlay-middle tmb-overlay-text-center tmb-image-anim tmb-id-742  tmb-media-first tmb-media-last tmb-content-overlay tmb-no-bg tmb-lightbox\" ><div class=\"t-inside no-anim\" ><div class=\"t-entry-visual\"><div class=\"t-entry-visual-tc\"><div class=\"t-entry-visual-cont\"><div class=\"dummy\" style=\"padding-top: 56.3%;\"><\/div><a href=\"https:\/\/saveurs-cerneux-belin.ch\/wp-content\/uploads\/Saveurs_Cerneux_Belin_Panier_Garni.webp\"  class=\"pushed\" data-active=\"1\" data-lbox=\"ilightbox_produits_artisanaux\" data-options=\"width:1600,height:900,thumbnail: 'https:\/\/saveurs-cerneux-belin.ch\/wp-content\/uploads\/Saveurs_Cerneux_Belin_Panier_Garni-300x169.webp'\" data-lb-index=\"4\"><div class=\"t-entry-visual-overlay\"><div class=\"t-entry-visual-overlay-in style-dark-bg\" style=\"opacity: 0.01;\"><\/div><\/div><img decoding=\"async\" class=\"wp-image-742\" src=\"https:\/\/saveurs-cerneux-belin.ch\/wp-content\/uploads\/Saveurs_Cerneux_Belin_Panier_Garni.webp\" width=\"1600\" height=\"900\" alt=\"\" srcset=\"https:\/\/saveurs-cerneux-belin.ch\/wp-content\/uploads\/Saveurs_Cerneux_Belin_Panier_Garni.webp 1600w, https:\/\/saveurs-cerneux-belin.ch\/wp-content\/uploads\/Saveurs_Cerneux_Belin_Panier_Garni-300x169.webp 300w, https:\/\/saveurs-cerneux-belin.ch\/wp-content\/uploads\/Saveurs_Cerneux_Belin_Panier_Garni-1024x576.webp 1024w, https:\/\/saveurs-cerneux-belin.ch\/wp-content\/uploads\/Saveurs_Cerneux_Belin_Panier_Garni-768x432.webp 768w, https:\/\/saveurs-cerneux-belin.ch\/wp-content\/uploads\/Saveurs_Cerneux_Belin_Panier_Garni-1536x864.webp 1536w, https:\/\/saveurs-cerneux-belin.ch\/wp-content\/uploads\/Saveurs_Cerneux_Belin_Panier_Garni-350x197.webp 350w\" sizes=\"(max-width: 1600px) 100vw, 1600px\" \/><\/a><\/div>\n\t\t\t\t\t<\/div>\n\t\t\t\t<\/div><\/div><\/div><div class=\"tmb tmb-iso-w4 tmb-iso-h4 tmb-light tmb-overlay-text-anim tmb-overlay-middle tmb-overlay-text-center tmb-image-anim tmb-id-906  tmb-media-first tmb-media-last tmb-content-overlay tmb-no-bg tmb-lightbox\" ><div class=\"t-inside no-anim\" ><div class=\"t-entry-visual\"><div class=\"t-entry-visual-tc\"><div class=\"t-entry-visual-cont\"><div class=\"dummy\" style=\"padding-top: 142.2%;\"><\/div><a href=\"https:\/\/saveurs-cerneux-belin.ch\/wp-content\/uploads\/Saveurs_Cerneux_Belin_Meringues.webp\"  class=\"pushed\" data-active=\"1\" data-lbox=\"ilightbox_produits_artisanaux\" data-options=\"width:900,height:1280,thumbnail: 'https:\/\/saveurs-cerneux-belin.ch\/wp-content\/uploads\/Saveurs_Cerneux_Belin_Meringues-211x300.webp'\" data-lb-index=\"5\"><div class=\"t-entry-visual-overlay\"><div class=\"t-entry-visual-overlay-in style-dark-bg\" style=\"opacity: 0.01;\"><\/div><\/div><img decoding=\"async\" class=\"wp-image-906\" src=\"https:\/\/saveurs-cerneux-belin.ch\/wp-content\/uploads\/Saveurs_Cerneux_Belin_Meringues.webp\" width=\"900\" height=\"1280\" alt=\"\" srcset=\"https:\/\/saveurs-cerneux-belin.ch\/wp-content\/uploads\/Saveurs_Cerneux_Belin_Meringues.webp 900w, https:\/\/saveurs-cerneux-belin.ch\/wp-content\/uploads\/Saveurs_Cerneux_Belin_Meringues-211x300.webp 211w, https:\/\/saveurs-cerneux-belin.ch\/wp-content\/uploads\/Saveurs_Cerneux_Belin_Meringues-720x1024.webp 720w, https:\/\/saveurs-cerneux-belin.ch\/wp-content\/uploads\/Saveurs_Cerneux_Belin_Meringues-768x1092.webp 768w, https:\/\/saveurs-cerneux-belin.ch\/wp-content\/uploads\/Saveurs_Cerneux_Belin_Meringues-350x498.webp 350w\" sizes=\"(max-width: 900px) 100vw, 900px\" \/><\/a><\/div>\n\t\t\t\t\t<\/div>\n\t\t\t\t<\/div><\/div><\/div><div class=\"tmb tmb-iso-w4 tmb-iso-h4 tmb-light tmb-overlay-text-anim tmb-overlay-middle tmb-overlay-text-center tmb-image-anim tmb-id-911  tmb-media-first tmb-media-last tmb-content-overlay tmb-no-bg tmb-lightbox\" ><div class=\"t-inside no-anim\" ><div class=\"t-entry-visual\"><div class=\"t-entry-visual-tc\"><div class=\"t-entry-visual-cont\"><div class=\"dummy\" style=\"padding-top: 177.8%;\"><\/div><a href=\"https:\/\/saveurs-cerneux-belin.ch\/wp-content\/uploads\/Saveurs_Cerneux_Belin_Spatzli.webp\"  class=\"pushed\" data-active=\"1\" data-lbox=\"ilightbox_produits_artisanaux\" data-options=\"width:900,height:1600,thumbnail: 'https:\/\/saveurs-cerneux-belin.ch\/wp-content\/uploads\/Saveurs_Cerneux_Belin_Spatzli-169x300.webp'\" data-lb-index=\"6\"><div class=\"t-entry-visual-overlay\"><div class=\"t-entry-visual-overlay-in style-dark-bg\" style=\"opacity: 0.01;\"><\/div><\/div><img decoding=\"async\" class=\"wp-image-911\" src=\"https:\/\/saveurs-cerneux-belin.ch\/wp-content\/uploads\/Saveurs_Cerneux_Belin_Spatzli.webp\" width=\"900\" height=\"1600\" alt=\"\" srcset=\"https:\/\/saveurs-cerneux-belin.ch\/wp-content\/uploads\/Saveurs_Cerneux_Belin_Spatzli.webp 900w, https:\/\/saveurs-cerneux-belin.ch\/wp-content\/uploads\/Saveurs_Cerneux_Belin_Spatzli-169x300.webp 169w, https:\/\/saveurs-cerneux-belin.ch\/wp-content\/uploads\/Saveurs_Cerneux_Belin_Spatzli-576x1024.webp 576w, https:\/\/saveurs-cerneux-belin.ch\/wp-content\/uploads\/Saveurs_Cerneux_Belin_Spatzli-768x1365.webp 768w, https:\/\/saveurs-cerneux-belin.ch\/wp-content\/uploads\/Saveurs_Cerneux_Belin_Spatzli-864x1536.webp 864w, https:\/\/saveurs-cerneux-belin.ch\/wp-content\/uploads\/Saveurs_Cerneux_Belin_Spatzli-350x622.webp 350w\" sizes=\"(max-width: 900px) 100vw, 900px\" \/><\/a><\/div>\n\t\t\t\t\t<\/div>\n\t\t\t\t<\/div><\/div><\/div><div class=\"tmb tmb-iso-w4 tmb-iso-h4 tmb-light tmb-overlay-text-anim tmb-overlay-middle tmb-overlay-text-center tmb-image-anim tmb-id-910  tmb-media-first tmb-media-last tmb-content-overlay tmb-no-bg tmb-lightbox\" ><div class=\"t-inside no-anim\" ><div class=\"t-entry-visual\"><div class=\"t-entry-visual-tc\"><div class=\"t-entry-visual-cont\"><div class=\"dummy\" style=\"padding-top: 124.4%;\"><\/div><a href=\"https:\/\/saveurs-cerneux-belin.ch\/wp-content\/uploads\/Saveurs_Cerneux_Belin_Spatzli_2.webp\"  class=\"pushed\" data-active=\"1\" data-lbox=\"ilightbox_produits_artisanaux\" data-options=\"width:1200,height:1493,thumbnail: 'https:\/\/saveurs-cerneux-belin.ch\/wp-content\/uploads\/Saveurs_Cerneux_Belin_Spatzli_2-241x300.webp'\" data-lb-index=\"7\"><div class=\"t-entry-visual-overlay\"><div class=\"t-entry-visual-overlay-in style-dark-bg\" style=\"opacity: 0.01;\"><\/div><\/div><img decoding=\"async\" class=\"wp-image-910\" src=\"https:\/\/saveurs-cerneux-belin.ch\/wp-content\/uploads\/Saveurs_Cerneux_Belin_Spatzli_2.webp\" width=\"1200\" height=\"1493\" alt=\"\" srcset=\"https:\/\/saveurs-cerneux-belin.ch\/wp-content\/uploads\/Saveurs_Cerneux_Belin_Spatzli_2.webp 1200w, https:\/\/saveurs-cerneux-belin.ch\/wp-content\/uploads\/Saveurs_Cerneux_Belin_Spatzli_2-241x300.webp 241w, https:\/\/saveurs-cerneux-belin.ch\/wp-content\/uploads\/Saveurs_Cerneux_Belin_Spatzli_2-823x1024.webp 823w, https:\/\/saveurs-cerneux-belin.ch\/wp-content\/uploads\/Saveurs_Cerneux_Belin_Spatzli_2-768x956.webp 768w, https:\/\/saveurs-cerneux-belin.ch\/wp-content\/uploads\/Saveurs_Cerneux_Belin_Spatzli_2-350x435.webp 350w\" sizes=\"(max-width: 1200px) 100vw, 1200px\" \/><\/a><\/div>\n\t\t\t\t\t<\/div>\n\t\t\t\t<\/div><\/div><\/div><div class=\"tmb tmb-iso-w4 tmb-iso-h4 tmb-light tmb-overlay-text-anim tmb-overlay-middle tmb-overlay-text-center tmb-image-anim tmb-id-908  tmb-media-first tmb-media-last tmb-content-overlay tmb-no-bg tmb-lightbox\" ><div class=\"t-inside no-anim\" ><div class=\"t-entry-visual\"><div class=\"t-entry-visual-tc\"><div class=\"t-entry-visual-cont\"><div class=\"dummy\" style=\"padding-top: 56.3%;\"><\/div><a href=\"https:\/\/saveurs-cerneux-belin.ch\/wp-content\/uploads\/Saveurs_Cerneux_Belin_Produits.webp\"  class=\"pushed\" data-active=\"1\" data-lbox=\"ilightbox_produits_artisanaux\" data-options=\"width:1200,height:675,thumbnail: 'https:\/\/saveurs-cerneux-belin.ch\/wp-content\/uploads\/Saveurs_Cerneux_Belin_Produits-300x169.webp'\" data-lb-index=\"8\"><div class=\"t-entry-visual-overlay\"><div class=\"t-entry-visual-overlay-in style-dark-bg\" style=\"opacity: 0.01;\"><\/div><\/div><img decoding=\"async\" class=\"wp-image-908\" src=\"https:\/\/saveurs-cerneux-belin.ch\/wp-content\/uploads\/Saveurs_Cerneux_Belin_Produits.webp\" width=\"1200\" height=\"675\" alt=\"\" srcset=\"https:\/\/saveurs-cerneux-belin.ch\/wp-content\/uploads\/Saveurs_Cerneux_Belin_Produits.webp 1200w, https:\/\/saveurs-cerneux-belin.ch\/wp-content\/uploads\/Saveurs_Cerneux_Belin_Produits-300x169.webp 300w, https:\/\/saveurs-cerneux-belin.ch\/wp-content\/uploads\/Saveurs_Cerneux_Belin_Produits-1024x576.webp 1024w, https:\/\/saveurs-cerneux-belin.ch\/wp-content\/uploads\/Saveurs_Cerneux_Belin_Produits-768x432.webp 768w, https:\/\/saveurs-cerneux-belin.ch\/wp-content\/uploads\/Saveurs_Cerneux_Belin_Produits-350x197.webp 350w\" sizes=\"(max-width: 1200px) 100vw, 1200px\" \/><\/a><\/div>\n\t\t\t\t\t<\/div>\n\t\t\t\t<\/div><\/div><\/div>\t\t\t<\/div>\n\t\t\t\t\t<\/div>\n\n\t\n\t\n\t\n<\/div>\n\n<\/div><\/div><\/div><\/div><\/div><script id=\"script-row-unique-2\" data-row=\"script-row-unique-2\" type=\"text\/javascript\" class=\"vc_controls\">UNCODE.initRow(document.getElementById(\"row-unique-2\"));<\/script><\/div><\/div><\/div>\n<\/div>","protected":false},"excerpt":{"rendered":"Vente de produits artisanauxB\u00e9atrice Bonnet vous propose des gourmandises tels que bricelets, caramels, meringues, confitures, sirops. Tout est fait maison [...]","protected":false},"author":6,"featured_media":0,"parent":0,"menu_order":0,"comment_status":"closed","ping_status":"closed","template":"","meta":{"footnotes":""},"class_list":["post-80","page","type-page","status-publish","hentry"],"_links":{"self":[{"href":"https:\/\/saveurs-cerneux-belin.ch\/en\/wp-json\/wp\/v2\/pages\/80","targetHints":{"allow":["GET"]}}],"collection":[{"href":"https:\/\/saveurs-cerneux-belin.ch\/en\/wp-json\/wp\/v2\/pages"}],"about":[{"href":"https:\/\/saveurs-cerneux-belin.ch\/en\/wp-json\/wp\/v2\/types\/page"}],"author":[{"embeddable":true,"href":"https:\/\/saveurs-cerneux-belin.ch\/en\/wp-json\/wp\/v2\/users\/6"}],"replies":[{"embeddable":true,"href":"https:\/\/saveurs-cerneux-belin.ch\/en\/wp-json\/wp\/v2\/comments?post=80"}],"version-history":[{"count":29,"href":"https:\/\/saveurs-cerneux-belin.ch\/en\/wp-json\/wp\/v2\/pages\/80\/revisions"}],"predecessor-version":[{"id":963,"href":"https:\/\/saveurs-cerneux-belin.ch\/en\/wp-json\/wp\/v2\/pages\/80\/revisions\/963"}],"wp:attachment":[{"href":"https:\/\/saveurs-cerneux-belin.ch\/en\/wp-json\/wp\/v2\/media?parent=80"}],"curies":[{"name":"WordPress","href":"https:\/\/api.w.org\/{rel}","templated":true}]}}