{"id":75,"date":"2020-06-15T12:01:01","date_gmt":"2020-06-15T10:01:01","guid":{"rendered":"https:\/\/saveurs-cerneux-belin.ch\/?page_id=75"},"modified":"2026-03-19T15:56:56","modified_gmt":"2026-03-19T14:56:56","slug":"accueil","status":"publish","type":"page","link":"https:\/\/saveurs-cerneux-belin.ch\/en\/","title":{"rendered":"Home"},"content":{"rendered":"<div class=\"wpb-content-wrapper\"><div data-parent=\"true\" class=\"vc_row row-container\" id=\"row-unique-0\"><div class=\"row-background background-element\">\n\t\t\t\t\t\t\t\t\t\t\t<div class=\"background-wrapper\">\n\t\t\t\t\t\t\t\t\t\t\t\t<div class=\"background-inner\" style=\"background-image: url(https:\/\/saveurs-cerneux-belin.ch\/wp-content\/uploads\/Saveurs_Cerneux_Belin_Bienvenue.webp);background-repeat: no-repeat;background-position: center center;background-attachment: scroll;background-size: cover;\"><\/div>\n\t\t\t\t\t\t\t\t\t\t\t\t\n\t\t\t\t\t\t\t\t\t\t\t<\/div>\n\t\t\t\t\t\t\t\t\t\t<\/div><div class=\"row full-width row-parent\" data-minheight=\"300\"><div class=\"wpb_row row-inner\"><div class=\"wpb_column pos-top pos-center align_left column_parent col-lg-12 single-internal-gutter\"><div class=\"uncol style-light\"  ><div class=\"uncoltable\"><div class=\"uncell no-block-padding\" ><div class=\"uncont\" ><div class=\"empty-space empty-double\" ><span class=\"empty-space-inner\"><\/span><\/div>\n<\/div><\/div><\/div><\/div><\/div><script id=\"script-row-unique-0\" data-row=\"script-row-unique-0\" type=\"text\/javascript\" class=\"vc_controls\">UNCODE.initRow(document.getElementById(\"row-unique-0\"));<\/script><\/div><\/div><\/div><div data-parent=\"true\" class=\"vc_row has-bg need-focus style-color-xsdn-bg row-container onepage-section\" data-label=\"Menu\" data-name=\"menu\" id=\"row-unique-1\"><div class=\"row double-top-padding double-bottom-padding single-h-padding limit-width row-parent\"><div class=\"wpb_row row-inner\"><div class=\"wpb_column pos-bottom pos-center align_center column_parent col-lg-12 single-internal-gutter\"><div class=\"uncol style-light\"  ><div class=\"uncoltable\"><div class=\"uncell no-block-padding\" ><div class=\"uncont\" ><div class=\"vc_row row-internal row-container\"><div class=\"row row-child\"><div class=\"wpb_row row-inner\"><div class=\"wpb_column pos-top pos-center align_center column_child col-lg-4 single-internal-gutter\"><div class=\"uncol style-light\" ><div class=\"uncoltable\"><div class=\"uncell no-block-padding\" ><div class=\"uncont\" ><div class=\"uncode-single-media  text-left\"><div class=\"single-wrapper\" style=\"max-width: 100%;\"><div class=\"tmb tmb-light  tmb-media-first tmb-media-last tmb-content-overlay tmb-no-bg\"><div class=\"t-inside\"><div class=\"t-entry-visual\"><div class=\"t-entry-visual-tc\"><div class=\"uncode-single-media-wrapper\"><img decoding=\"async\" class=\"wp-image-681\" src=\"https:\/\/saveurs-cerneux-belin.ch\/wp-content\/uploads\/Self.png\" width=\"800\" height=\"800\" alt=\"\" srcset=\"https:\/\/saveurs-cerneux-belin.ch\/wp-content\/uploads\/Self.png 800w, https:\/\/saveurs-cerneux-belin.ch\/wp-content\/uploads\/Self-300x300.png 300w, https:\/\/saveurs-cerneux-belin.ch\/wp-content\/uploads\/Self-150x150.png 150w, https:\/\/saveurs-cerneux-belin.ch\/wp-content\/uploads\/Self-768x768.png 768w, https:\/\/saveurs-cerneux-belin.ch\/wp-content\/uploads\/Self-350x350.png 350w, https:\/\/saveurs-cerneux-belin.ch\/wp-content\/uploads\/Self-348x348.png 348w\" sizes=\"(max-width: 800px) 100vw, 800px\" \/><\/div>\n\t\t\t\t\t<\/div>\n\t\t\t\t<\/div><\/div><\/div><\/div><\/div><div class=\"vc_custom_heading_wrap\"><div class=\"heading-text el-text\" ><h2 class=\"font-219816 h2 font-weight-600 text-color-117133-color\" ><span>Self-service<\/span><\/h2><div class=\"text-small\"><p>Farm self-service, open daily, near Saignel\u00e9gier. Plait, fresh bread, pastries and to\u00e9tch\u00e9s every Saturday and Sunday.<\/p>\n<\/div><\/div><div class=\"clear\"><\/div><\/div><span class=\"btn-container\" ><a role=\"button\"  href=\"https:\/\/saveurs-cerneux-belin.ch\/en\/self-service\/\" class=\"custom-link btn btn-sm border-width-0 button_intro btn-color-932309 btn-icon-left\" title=\"Self-service\">SEE MORE<\/a><\/span><\/div><\/div><\/div><\/div><\/div><div class=\"wpb_column pos-top pos-center align_center column_child col-lg-4 single-internal-gutter\"><div class=\"uncol style-light\" ><div class=\"uncoltable\"><div class=\"uncell no-block-padding\" ><div class=\"uncont\" ><div class=\"uncode-single-media  text-left\"><div class=\"single-wrapper\" style=\"max-width: 100%;\"><div class=\"tmb tmb-light  tmb-media-first tmb-media-last tmb-content-overlay tmb-no-bg\"><div class=\"t-inside\"><div class=\"t-entry-visual\"><div class=\"t-entry-visual-tc\"><div class=\"uncode-single-media-wrapper\"><img decoding=\"async\" class=\"wp-image-679\" src=\"https:\/\/saveurs-cerneux-belin.ch\/wp-content\/uploads\/Viande.png\" width=\"800\" height=\"800\" alt=\"\" srcset=\"https:\/\/saveurs-cerneux-belin.ch\/wp-content\/uploads\/Viande.png 800w, https:\/\/saveurs-cerneux-belin.ch\/wp-content\/uploads\/Viande-300x300.png 300w, https:\/\/saveurs-cerneux-belin.ch\/wp-content\/uploads\/Viande-150x150.png 150w, https:\/\/saveurs-cerneux-belin.ch\/wp-content\/uploads\/Viande-768x768.png 768w, https:\/\/saveurs-cerneux-belin.ch\/wp-content\/uploads\/Viande-350x350.png 350w, https:\/\/saveurs-cerneux-belin.ch\/wp-content\/uploads\/Viande-348x348.png 348w\" sizes=\"(max-width: 800px) 100vw, 800px\" \/><\/div>\n\t\t\t\t\t<\/div>\n\t\t\t\t<\/div><\/div><\/div><\/div><\/div><div class=\"vc_custom_heading_wrap\"><div class=\"heading-text el-text\" ><h2 class=\"font-219816 h2 font-weight-600 text-color-117133-color\" ><span>Meat<\/span><\/h2><div class=\"text-small\"><p>Buy your beef directly from the producer, a guarantee of quality, traceability and sustainability. The meat from our farm is Natura-Beef certified.<\/p>\n<\/div><\/div><div class=\"clear\"><\/div><\/div><span class=\"btn-container\" ><a role=\"button\"  href=\"https:\/\/saveurs-cerneux-belin.ch\/en\/vente-directe-de-viande\/\" class=\"custom-link btn btn-sm border-width-0 button_intro btn-color-932309 btn-icon-left\" title=\"Direct meat sales\">SEE MORE<\/a><\/span><\/div><\/div><\/div><\/div><\/div><div class=\"wpb_column pos-top pos-center align_center column_child col-lg-4 single-internal-gutter\"><div class=\"uncol style-light\" ><div class=\"uncoltable\"><div class=\"uncell no-block-padding\" ><div class=\"uncont\" ><div class=\"uncode-single-media  text-left\"><div class=\"single-wrapper\" style=\"max-width: 100%;\"><div class=\"tmb tmb-light  tmb-media-first tmb-media-last tmb-content-overlay tmb-no-bg\"><div class=\"t-inside\"><div class=\"t-entry-visual\"><div class=\"t-entry-visual-tc\"><div class=\"uncode-single-media-wrapper\"><img decoding=\"async\" class=\"wp-image-976\" src=\"https:\/\/saveurs-cerneux-belin.ch\/wp-content\/uploads\/TinyHouse.png\" width=\"800\" height=\"800\" alt=\"\" srcset=\"https:\/\/saveurs-cerneux-belin.ch\/wp-content\/uploads\/TinyHouse.png 800w, https:\/\/saveurs-cerneux-belin.ch\/wp-content\/uploads\/TinyHouse-300x300.png 300w, https:\/\/saveurs-cerneux-belin.ch\/wp-content\/uploads\/TinyHouse-150x150.png 150w, https:\/\/saveurs-cerneux-belin.ch\/wp-content\/uploads\/TinyHouse-768x768.png 768w, https:\/\/saveurs-cerneux-belin.ch\/wp-content\/uploads\/TinyHouse-350x350.png 350w, https:\/\/saveurs-cerneux-belin.ch\/wp-content\/uploads\/TinyHouse-348x348.png 348w\" sizes=\"(max-width: 800px) 100vw, 800px\" \/><\/div>\n\t\t\t\t\t<\/div>\n\t\t\t\t<\/div><\/div><\/div><\/div><\/div><div class=\"vc_custom_heading_wrap\"><div class=\"heading-text el-text\" ><h2 class=\"font-219816 h2 font-weight-600 text-color-117133-color\" ><span>Tiny House<\/span><\/h2><div class=\"text-small\"><p>Our cosy Tiny House for 2 people is surrounded by greenery. Equestrians, hikers, cyclists, or simply lovers of the Franches-Montagnes region, book your stay to enjoy the area and disconnect from everyday life.<\/p>\n<\/div><\/div><div class=\"clear\"><\/div><\/div><span class=\"btn-container\" ><a role=\"button\"  href=\"https:\/\/saveurs-cerneux-belin.ch\/en\/tiny-house\/\" class=\"custom-link btn btn-sm border-width-0 button_intro btn-color-932309 btn-icon-left\" title=\"Tiny House\">SEE MORE<\/a><\/span><\/div><\/div><\/div><\/div><\/div><\/div><\/div><\/div><div class=\"vc_row row-internal row-container\"><div class=\"row row-child\"><div class=\"wpb_row row-inner\"><div class=\"wpb_column pos-top pos-center align_center column_child col-lg-4 single-internal-gutter\"><div class=\"uncol style-light\" ><div class=\"uncoltable\"><div class=\"uncell no-block-padding\" ><div class=\"uncont\" ><div class=\"uncode-single-media  text-left\"><div class=\"single-wrapper\" style=\"max-width: 100%;\"><div class=\"tmb tmb-light  tmb-media-first tmb-media-last tmb-content-overlay tmb-no-bg\"><div class=\"t-inside\"><div class=\"t-entry-visual\"><div class=\"t-entry-visual-tc\"><div class=\"uncode-single-media-wrapper\"><img decoding=\"async\" class=\"wp-image-977\" src=\"https:\/\/saveurs-cerneux-belin.ch\/wp-content\/uploads\/Sacs_Brunch.png\" width=\"800\" height=\"800\" alt=\"\" srcset=\"https:\/\/saveurs-cerneux-belin.ch\/wp-content\/uploads\/Sacs_Brunch.png 800w, https:\/\/saveurs-cerneux-belin.ch\/wp-content\/uploads\/Sacs_Brunch-300x300.png 300w, https:\/\/saveurs-cerneux-belin.ch\/wp-content\/uploads\/Sacs_Brunch-150x150.png 150w, https:\/\/saveurs-cerneux-belin.ch\/wp-content\/uploads\/Sacs_Brunch-768x768.png 768w, https:\/\/saveurs-cerneux-belin.ch\/wp-content\/uploads\/Sacs_Brunch-350x350.png 350w, https:\/\/saveurs-cerneux-belin.ch\/wp-content\/uploads\/Sacs_Brunch-348x348.png 348w\" sizes=\"(max-width: 800px) 100vw, 800px\" \/><\/div>\n\t\t\t\t\t<\/div>\n\t\t\t\t<\/div><\/div><\/div><\/div><\/div><div class=\"vc_custom_heading_wrap\"><div class=\"heading-text el-text\" ><h2 class=\"font-219816 h2 font-weight-600 text-color-117133-color\" ><span>Picnic Backpack<\/span><\/h2><div class=\"text-small\"><p>Whether on foot or by bike, take our brunch bag with you! It has everything you need for a gourmet meal in the great outdoors. Homemade savoury and sweet products, drinks, cutlery \u2013 let yourself be tempted by this all-inclusive concept. Discover our routes!<\/p>\n<\/div><\/div><div class=\"clear\"><\/div><\/div><div class=\"empty-space empty-half\" ><span class=\"empty-space-inner\"><\/span><\/div>\n<span class=\"btn-container btn-inline\" ><a role=\"button\"  href=\"https:\/\/saveurs-cerneux-belin.ch\/en\/rando-brunch\/\" class=\"custom-link btn btn-sm border-width-0 button_intro btn-color-932309 btn-icon-left\" title=\"Brunch Bags\">Rando brunch<\/a><\/span><span class=\"btn-container btn-inline\" ><a role=\"button\"  href=\"https:\/\/saveurs-cerneux-belin.ch\/en\/cyclo-brunch\/\" class=\"custom-link btn btn-sm border-width-0 button_intro btn-color-932309 btn-icon-left\" title=\"Brunch Bags\">Cyclo brunch<\/a><\/span><\/div><\/div><\/div><\/div><\/div><div class=\"wpb_column pos-top pos-center align_center column_child col-lg-4 single-internal-gutter\"><div class=\"uncol style-light\" ><div class=\"uncoltable\"><div class=\"uncell no-block-padding\" ><div class=\"uncont\" ><div class=\"uncode-single-media  text-left\"><div class=\"single-wrapper\" style=\"max-width: 100%;\"><div class=\"tmb tmb-light  tmb-media-first tmb-media-last tmb-content-overlay tmb-no-bg\"><div class=\"t-inside\"><div class=\"t-entry-visual\"><div class=\"t-entry-visual-tc\"><div class=\"uncode-single-media-wrapper\"><img decoding=\"async\" class=\"wp-image-978\" src=\"https:\/\/saveurs-cerneux-belin.ch\/wp-content\/uploads\/Oeufs.png\" width=\"800\" height=\"800\" alt=\"\" srcset=\"https:\/\/saveurs-cerneux-belin.ch\/wp-content\/uploads\/Oeufs.png 800w, https:\/\/saveurs-cerneux-belin.ch\/wp-content\/uploads\/Oeufs-300x300.png 300w, https:\/\/saveurs-cerneux-belin.ch\/wp-content\/uploads\/Oeufs-150x150.png 150w, https:\/\/saveurs-cerneux-belin.ch\/wp-content\/uploads\/Oeufs-768x768.png 768w, https:\/\/saveurs-cerneux-belin.ch\/wp-content\/uploads\/Oeufs-350x350.png 350w, https:\/\/saveurs-cerneux-belin.ch\/wp-content\/uploads\/Oeufs-348x348.png 348w\" sizes=\"(max-width: 800px) 100vw, 800px\" \/><\/div>\n\t\t\t\t\t<\/div>\n\t\t\t\t<\/div><\/div><\/div><\/div><\/div><div class=\"vc_custom_heading_wrap\"><div class=\"heading-text el-text\" ><h2 class=\"font-219816 h2 font-weight-600 text-color-117133-color\" ><span>Eggs<\/span><\/h2><div class=\"text-small\"><p>We sell fresh eggs, laid in our mobile chicken coop. This system ensures our hens always have space and fresh grass available. The grain comes from the Moulin de Vicques. CHF 16.- for a tray of 30 eggs.<\/p>\n<\/div><\/div><div class=\"clear\"><\/div><\/div><span class=\"btn-container\" ><a role=\"button\"  href=\"https:\/\/saveurs-cerneux-belin.ch\/en\/oeufs\/\" class=\"custom-link btn btn-sm border-width-0 button_intro btn-color-932309 btn-icon-left\" title=\"Artisan products\">SEE MORE<\/a><\/span><\/div><\/div><\/div><\/div><\/div><div class=\"wpb_column pos-top pos-center align_center column_child col-lg-4 single-internal-gutter\"><div class=\"uncol style-light\" ><div class=\"uncoltable\"><div class=\"uncell no-block-padding\" ><div class=\"uncont\" ><div class=\"uncode-single-media  text-left\"><div class=\"single-wrapper\" style=\"max-width: 100%;\"><div class=\"tmb tmb-light  tmb-media-first tmb-media-last tmb-content-overlay tmb-no-bg\"><div class=\"t-inside\"><div class=\"t-entry-visual\"><div class=\"t-entry-visual-tc\"><div class=\"uncode-single-media-wrapper\"><img decoding=\"async\" class=\"wp-image-979\" src=\"https:\/\/saveurs-cerneux-belin.ch\/wp-content\/uploads\/Produits-1.png\" width=\"800\" height=\"800\" alt=\"\" srcset=\"https:\/\/saveurs-cerneux-belin.ch\/wp-content\/uploads\/Produits-1.png 800w, https:\/\/saveurs-cerneux-belin.ch\/wp-content\/uploads\/Produits-1-300x300.png 300w, https:\/\/saveurs-cerneux-belin.ch\/wp-content\/uploads\/Produits-1-150x150.png 150w, https:\/\/saveurs-cerneux-belin.ch\/wp-content\/uploads\/Produits-1-768x768.png 768w, https:\/\/saveurs-cerneux-belin.ch\/wp-content\/uploads\/Produits-1-350x350.png 350w, https:\/\/saveurs-cerneux-belin.ch\/wp-content\/uploads\/Produits-1-348x348.png 348w\" sizes=\"(max-width: 800px) 100vw, 800px\" \/><\/div>\n\t\t\t\t\t<\/div>\n\t\t\t\t<\/div><\/div><\/div><\/div><\/div><div class=\"vc_custom_heading_wrap\"><div class=\"heading-text el-text\" ><h2 class=\"font-219816 h2 font-weight-600 text-color-117133-color\" ><span>Artisan products<\/span><\/h2><div class=\"text-small\"><p>Homemade gourmet treats. Sweet and savoury, for young and old! Most products are available for self-service in the farm's canteen.<\/p>\n<\/div><\/div><div class=\"clear\"><\/div><\/div><span class=\"btn-container\" ><a role=\"button\"  href=\"https:\/\/saveurs-cerneux-belin.ch\/en\/produits-artisanaux\/\" class=\"custom-link btn btn-sm border-width-0 button_intro btn-color-932309 btn-icon-left\" title=\"Artisan products\">SEE MORE<\/a><\/span><\/div><\/div><\/div><\/div><\/div><\/div><\/div><\/div><\/div><\/div><\/div><\/div><\/div><script id=\"script-row-unique-1\" data-row=\"script-row-unique-1\" type=\"text\/javascript\" class=\"vc_controls\">UNCODE.initRow(document.getElementById(\"row-unique-1\"));<\/script><\/div><\/div><\/div><div data-parent=\"true\" class=\"vc_row has-bg need-focus style-color-810884-bg row-container onepage-section\" data-label=\"La ferme\" data-name=\"la_ferme\" id=\"row-unique-2\"><div class=\"row double-top-padding double-bottom-padding single-h-padding limit-width row-parent\"><div class=\"wpb_row row-inner\"><div class=\"wpb_column pos-top pos-center align_left column_parent col-lg-12 single-internal-gutter\"><div class=\"uncol style-light\"  ><div class=\"uncoltable\"><div class=\"uncell no-block-padding\" ><div class=\"uncont\" ><div class=\"vc_custom_heading_wrap\"><div class=\"heading-text el-text\" ><h1 class=\"font-219816 h1 text-color-117133-color text-uppercase\" ><span>The farm<\/span><\/h1><\/div><div class=\"clear\"><\/div><\/div><div class=\"vc_row row-internal row-container\"><div class=\"row col-double-gutter row-child\"><div class=\"wpb_row row-inner\"><div class=\"wpb_column pos-top pos-center align_left column_child col-lg-8 single-internal-gutter\"><div class=\"uncol style-light\" ><div class=\"uncoltable\"><div class=\"uncell no-block-padding\" ><div class=\"uncont\" ><div class=\"uncode_text_column\" ><\/p>\n<h3>Our family and our values<\/h3>\n<p>B\u00e9atrice Bonnet and Jo\u00ebl Cattin took over the family farm in 2012. The estate covers 18 hectares of land, mainly used for livestock grazing and haymaking.<\/p>\n<p>At 1000 metres altitude, on the Franches-Montagnes plateau, our production is adapted to our region and is carried out with respect for nature.<\/p>\n<p>Our facilities meet animal welfare standards. Although we are not certified organic, we operate our farm in an environmentally friendly manner. Our animals are fed with our own forage and we farm extensively.<\/p>\n<p>Our Limousin suckler cow herd meets the standards of Vache m\u00e8re Suisse and obtains the Label Natura-Beef.<\/p>\n<\/div><div class=\"uncode_text_column\" ><\/p>\n<h3>Our animals<\/h3>\n<p>Our farm is home to suckler cows and their calves, as well as a bull. Horses boarded with us also benefit from the space in our pastures. Our mobile chicken coop allows our hens to enjoy fresh grass throughout the season, and our pigs have a large enclosure and even a small area of woodland at their disposal. Not to mention the cats, the guarantee of a rodent-free farm!<\/p>\n<\/div><\/div><\/div><\/div><\/div><\/div><div class=\"wpb_column pos-top pos-center align_left column_child col-lg-4 single-internal-gutter\"><div class=\"uncol style-light\" ><div class=\"uncoltable\"><div class=\"uncell no-block-padding\" ><div class=\"uncont\" ><div class=\"uncode-single-media  text-left\"><div class=\"single-wrapper\" style=\"max-width: 100%;\"><div class=\"tmb tmb-light  tmb-media-first tmb-media-last tmb-content-overlay tmb-no-bg\"><div class=\"t-inside\"><div class=\"t-entry-visual\"><div class=\"t-entry-visual-tc\"><div class=\"uncode-single-media-wrapper\"><img decoding=\"async\" class=\"wp-image-848\" src=\"https:\/\/saveurs-cerneux-belin.ch\/wp-content\/uploads\/Beatrice_Bonnet_Joel_Cattin.webp\" width=\"733\" height=\"733\" alt=\"\" srcset=\"https:\/\/saveurs-cerneux-belin.ch\/wp-content\/uploads\/Beatrice_Bonnet_Joel_Cattin.webp 733w, https:\/\/saveurs-cerneux-belin.ch\/wp-content\/uploads\/Beatrice_Bonnet_Joel_Cattin-300x300.webp 300w, https:\/\/saveurs-cerneux-belin.ch\/wp-content\/uploads\/Beatrice_Bonnet_Joel_Cattin-150x150.webp 150w, https:\/\/saveurs-cerneux-belin.ch\/wp-content\/uploads\/Beatrice_Bonnet_Joel_Cattin-350x350.webp 350w, https:\/\/saveurs-cerneux-belin.ch\/wp-content\/uploads\/Beatrice_Bonnet_Joel_Cattin-348x348.webp 348w\" sizes=\"(max-width: 733px) 100vw, 733px\" \/><\/div>\n\t\t\t\t\t<\/div>\n\t\t\t\t<\/div><\/div><\/div><\/div><\/div><div class=\"uncode_text_column\" ><\/p>\n<h3>Direct sale<\/h3>\n<p>We have been practising direct sales for many years. This direct link with the consumer allows us to work with complete transparency and to constantly improve the quality of our products.<\/p>\n<\/div><\/div><\/div><\/div><\/div><\/div><\/div><\/div><\/div><\/div><\/div><\/div><\/div><\/div><script id=\"script-row-unique-2\" data-row=\"script-row-unique-2\" type=\"text\/javascript\" class=\"vc_controls\">UNCODE.initRow(document.getElementById(\"row-unique-2\"));<\/script><\/div><\/div><\/div><div data-parent=\"true\" class=\"vc_row has-bg need-focus style-color-xsdn-bg row-container onepage-section\" data-label=\"La ferme\" data-name=\"la_ferme\" id=\"row-unique-3\"><div class=\"row double-top-padding double-bottom-padding single-h-padding limit-width row-parent\"><div class=\"wpb_row row-inner\"><div class=\"wpb_column pos-top pos-center align_left column_parent col-lg-12 single-internal-gutter\"><div class=\"uncol style-light\"  ><div class=\"uncoltable\"><div class=\"uncell no-block-padding\" ><div class=\"uncont\" ><div class=\"vc_custom_heading_wrap\"><div class=\"heading-text el-text\" ><h2 class=\"font-219816 h2 text-color-117133-color text-uppercase\" ><span>Horse stables<\/span><\/h2><\/div><div class=\"clear\"><\/div><\/div><div class=\"vc_row row-internal row-container\"><div class=\"row col-double-gutter row-child\"><div class=\"wpb_row row-inner\"><div class=\"wpb_column pos-top pos-center align_left column_child col-lg-4 single-internal-gutter\"><div class=\"uncol style-light\" ><div class=\"uncoltable\"><div class=\"uncell no-block-padding\" ><div class=\"uncont\" ><div class=\"uncode_text_column\" ><\/p>\n<h3>Are you looking for horse boxes?<\/h3>\n<p>From May to October, we offer livery boxes for horses at the farm. Whether you are in the area for a holiday or a longer stay. A large paddock allows your horses to be turned out.<\/p>\n<\/div><\/div><\/div><\/div><\/div><\/div><div class=\"wpb_column pos-top pos-center align_left column_child col-lg-4 single-internal-gutter\"><div class=\"uncol style-light\" ><div class=\"uncoltable\"><div class=\"uncell no-block-padding\" ><div class=\"uncont\" ><div class=\"uncode_text_column\" ><\/p>\n<h3>Accommodation<\/h3>\n<p>Our Tiny House, designed for two people, is nestled in greenery. The ideal place to disconnect from everyday life. It offers all the necessary comforts for your stay.<\/p>\n<\/div><\/div><\/div><\/div><\/div><\/div><\/div><\/div><\/div><\/div><\/div><\/div><\/div><\/div><script id=\"script-row-unique-3\" data-row=\"script-row-unique-3\" type=\"text\/javascript\" class=\"vc_controls\">UNCODE.initRow(document.getElementById(\"row-unique-3\"));<\/script><\/div><\/div><\/div>\n<\/div>","protected":false},"excerpt":{"rendered":"Self-serviceSelf-service \u00e0 la ferme, ouvert tous les jours, \u00e0 proximit\u00e9 de Saignel\u00e9gier. Tresses, pains frais, p\u00e2tisseries et to\u00e9tch\u00e9s tous les [...]","protected":false},"author":6,"featured_media":0,"parent":0,"menu_order":0,"comment_status":"closed","ping_status":"closed","template":"","meta":{"footnotes":""},"class_list":["post-75","page","type-page","status-publish","hentry"],"_links":{"self":[{"href":"https:\/\/saveurs-cerneux-belin.ch\/en\/wp-json\/wp\/v2\/pages\/75","targetHints":{"allow":["GET"]}}],"collection":[{"href":"https:\/\/saveurs-cerneux-belin.ch\/en\/wp-json\/wp\/v2\/pages"}],"about":[{"href":"https:\/\/saveurs-cerneux-belin.ch\/en\/wp-json\/wp\/v2\/types\/page"}],"author":[{"embeddable":true,"href":"https:\/\/saveurs-cerneux-belin.ch\/en\/wp-json\/wp\/v2\/users\/6"}],"replies":[{"embeddable":true,"href":"https:\/\/saveurs-cerneux-belin.ch\/en\/wp-json\/wp\/v2\/comments?post=75"}],"version-history":[{"count":92,"href":"https:\/\/saveurs-cerneux-belin.ch\/en\/wp-json\/wp\/v2\/pages\/75\/revisions"}],"predecessor-version":[{"id":989,"href":"https:\/\/saveurs-cerneux-belin.ch\/en\/wp-json\/wp\/v2\/pages\/75\/revisions\/989"}],"wp:attachment":[{"href":"https:\/\/saveurs-cerneux-belin.ch\/en\/wp-json\/wp\/v2\/media?parent=75"}],"curies":[{"name":"WordPress","href":"https:\/\/api.w.org\/{rel}","templated":true}]}}