{"id":294,"date":"2021-03-08T09:23:32","date_gmt":"2021-03-08T08:23:32","guid":{"rendered":"https:\/\/saveurs-cerneux-belin.ch\/?page_id=294"},"modified":"2026-03-19T11:43:17","modified_gmt":"2026-03-19T10:43:17","slug":"self-service","status":"publish","type":"page","link":"https:\/\/saveurs-cerneux-belin.ch\/en\/self-service\/","title":{"rendered":"Self-service"},"content":{"rendered":"<div class=\"wpb-content-wrapper\"><div data-parent=\"true\" class=\"vc_row has-bg need-focus style-color-810884-bg row-container onepage-section\" data-label=\"Viande\" data-name=\"viande\" id=\"row-unique-0\"><div class=\"row double-top-padding double-bottom-padding single-h-padding limit-width row-parent\"><div class=\"wpb_row row-inner\"><div class=\"wpb_column pos-top pos-center align_left column_parent col-lg-12 single-internal-gutter\"><div class=\"uncol style-spec style-dark\"  ><div class=\"uncoltable\"><div class=\"uncell no-block-padding\" ><div class=\"uncont\" ><div class=\"vc_row row-internal row-container\"><div class=\"row col-double-gutter row-child\"><div class=\"wpb_row row-inner\"><div class=\"wpb_column pos-top pos-left align_left column_child col-lg-8 single-internal-gutter\"><div class=\"uncol style-light\" ><div class=\"uncoltable\"><div class=\"uncell no-block-padding\" ><div class=\"uncont\" style=\" max-width:85%;\" ><div class=\"vc_custom_heading_wrap\"><div class=\"heading-text el-text\" ><h1 class=\"font-219816 h1 text-uppercase\" ><span>Self-service<\/span><\/h1><\/div><div class=\"clear\"><\/div><\/div><div class=\"uncode_text_column\" ><p><strong>Every Saturday and Sunday: plaited loaves, half-white and seeded loaves, toetch\u00e9s (plain, with T\u00eate de Moine cheese or bacon), snails and pastries.<\/strong><\/p>\n<p>On our farm at Cerneux-Belin, a few minutes from Saignel\u00e9gier.<br \/>\nOpen 7 days a week, from 8 am to 8 pm. Payment by cash or Twint.<\/p>\n<p>For hikers, the self-service restaurant is located on the footpath connecting Saignel\u00e9gier to the \u00c9tang de la Gru\u00e8re.<\/p>\n<\/div><\/div><\/div><\/div><\/div><\/div><div class=\"wpb_column pos-top pos-center align_left column_child col-lg-4 single-internal-gutter\"><div class=\"uncol style-light\" ><div class=\"uncoltable\"><div class=\"uncell no-block-padding\" ><div class=\"uncont\" ><div class=\"uncode-single-media  text-left\"><div class=\"single-wrapper\" style=\"max-width: 100%;\"><div class=\"tmb tmb-light  tmb-media-first tmb-media-last tmb-content-overlay tmb-no-bg\"><div class=\"t-inside\"><div class=\"t-entry-visual\"><div class=\"t-entry-visual-tc\"><div class=\"uncode-single-media-wrapper\"><img decoding=\"async\" class=\"wp-image-867\" src=\"https:\/\/saveurs-cerneux-belin.ch\/wp-content\/uploads\/Self_intro.png\" width=\"928\" height=\"1174\" alt=\"\" srcset=\"https:\/\/saveurs-cerneux-belin.ch\/wp-content\/uploads\/Self_intro.png 928w, https:\/\/saveurs-cerneux-belin.ch\/wp-content\/uploads\/Self_intro-237x300.png 237w, https:\/\/saveurs-cerneux-belin.ch\/wp-content\/uploads\/Self_intro-809x1024.png 809w, https:\/\/saveurs-cerneux-belin.ch\/wp-content\/uploads\/Self_intro-768x972.png 768w, https:\/\/saveurs-cerneux-belin.ch\/wp-content\/uploads\/Self_intro-350x443.png 350w\" sizes=\"(max-width: 928px) 100vw, 928px\" \/><\/div>\n\t\t\t\t\t<\/div>\n\t\t\t\t<\/div><\/div><\/div><\/div><\/div><\/div><\/div><\/div><\/div><\/div><\/div><\/div><\/div><\/div><\/div><\/div><\/div><\/div><script id=\"script-row-unique-0\" data-row=\"script-row-unique-0\" type=\"text\/javascript\" class=\"vc_controls\">UNCODE.initRow(document.getElementById(\"row-unique-0\"));<\/script><\/div><\/div><\/div><div data-parent=\"true\" class=\"vc_row has-bg need-focus style-color-xsdn-bg row-container onepage-section\" data-label=\"Self\" data-name=\"self\" id=\"row-unique-1\"><div class=\"row double-top-padding double-bottom-padding single-h-padding limit-width row-parent\"><div class=\"wpb_row row-inner\"><div class=\"wpb_column pos-top pos-center align_left column_parent col-lg-12 single-internal-gutter\"><div class=\"uncol style-light\"  ><div class=\"uncoltable\"><div class=\"uncell no-block-padding\" ><div class=\"uncont\" ><div class=\"vc_row row-internal row-container\"><div class=\"row row-child\"><div class=\"wpb_row row-inner\"><div class=\"wpb_column pos-top pos-center align_center column_child col-lg-12 single-internal-gutter\"><div class=\"uncol style-light\" ><div class=\"uncoltable\"><div class=\"uncell no-block-padding\" ><div class=\"uncont\" ><div class=\"vc_custom_heading_wrap\"><div class=\"heading-text el-text\" ><h2 class=\"font-219816 h2 text-color-117133-color text-uppercase\" ><span>Sale of all our handmade clothing products<\/span><\/h2><\/div><div class=\"clear\"><\/div><\/div><div class=\"uncode_text_column\" ><p>Caramelised almonds<br \/>\nJurassian biscuits<br \/>\nHazelnut biscuits<br \/>\nCranberry biscuits<br \/>\nOatmeal cookies<br \/>\nCaramels<br \/>\nFruit jams and jellies by season<br \/>\nHazelnut jam<br \/>\nMilk jam<br \/>\nMeringues<br \/>\nOur hens' eggs<br \/>\nPavlova<br \/>\nWhite bread or seeded bread<br \/>\nShortbread biscuits<br \/>\nDried sausages<br \/>\nFruit syrups by season<br \/>\nFresh Sp\u00e4tzli<br \/>\nToetch\u00e9s Nature (Sour Cream)<br \/>\nToetch\u00e9s T\u00eate de moine and chives<br \/>\nToetch\u00e9s with smoked bacon<br \/>\nHair<br \/>\nBiltong<\/p>\n<\/div><\/div><\/div><\/div><\/div><\/div><\/div><\/div><\/div><\/div><\/div><\/div><\/div><\/div><script id=\"script-row-unique-1\" data-row=\"script-row-unique-1\" type=\"text\/javascript\" class=\"vc_controls\">UNCODE.initRow(document.getElementById(\"row-unique-1\"));<\/script><\/div><\/div><\/div><div data-parent=\"true\" class=\"vc_row has-bg need-focus style-color-810884-bg row-container onepage-section desktop-hidden tablet-hidden mobile-hidden\" data-label=\"Viande\" data-name=\"viande\" id=\"row-unique-2\"><div class=\"row double-top-padding double-bottom-padding single-h-padding limit-width row-parent\"><div class=\"wpb_row row-inner\"><div class=\"wpb_column pos-top pos-center align_left column_parent col-lg-12 single-internal-gutter\"><div class=\"uncol style-spec style-dark\"  ><div class=\"uncoltable\"><div class=\"uncell no-block-padding\" ><div class=\"uncont\" ><div class=\"vc_row row-internal row-container\"><div class=\"row row-child\"><div class=\"wpb_row row-inner\"><div class=\"wpb_column pos-top pos-center align_center column_child col-lg-12 single-internal-gutter\"><div class=\"uncol style-light\" ><div class=\"uncoltable\"><div class=\"uncell no-block-padding\" ><div class=\"uncont\" ><div class=\"uncode_text_column\" ><\/p>\n<h3>12 Ma\u00eblys Investigation Walks<\/h3>\n<p>Article Le Franc-Montagnard of 08\/05\/25<br \/>\n<a href=\"http:\/\/saveurs-cerneux-belin.ch\/wp-content\/uploads\/maelys.pdf\" target=\"_blank\" rel=\"noopener\">Self-service investigators<\/a><\/p>\n<\/div><\/div><\/div><\/div><\/div><\/div><\/div><\/div><\/div><\/div><\/div><\/div><\/div><\/div><script id=\"script-row-unique-2\" data-row=\"script-row-unique-2\" type=\"text\/javascript\" class=\"vc_controls\">UNCODE.initRow(document.getElementById(\"row-unique-2\"));<\/script><\/div><\/div><\/div>\n<\/div>","protected":false},"excerpt":{"rendered":"Self-serviceTous les samedis et dimanches: tresses, pains mi-blanc et aux graines, toetch\u00e9s (nature, \u00e0 la T\u00eate de moine ou au [...]","protected":false},"author":6,"featured_media":0,"parent":0,"menu_order":0,"comment_status":"closed","ping_status":"closed","template":"","meta":{"footnotes":""},"class_list":["post-294","page","type-page","status-publish","hentry"],"_links":{"self":[{"href":"https:\/\/saveurs-cerneux-belin.ch\/en\/wp-json\/wp\/v2\/pages\/294","targetHints":{"allow":["GET"]}}],"collection":[{"href":"https:\/\/saveurs-cerneux-belin.ch\/en\/wp-json\/wp\/v2\/pages"}],"about":[{"href":"https:\/\/saveurs-cerneux-belin.ch\/en\/wp-json\/wp\/v2\/types\/page"}],"author":[{"embeddable":true,"href":"https:\/\/saveurs-cerneux-belin.ch\/en\/wp-json\/wp\/v2\/users\/6"}],"replies":[{"embeddable":true,"href":"https:\/\/saveurs-cerneux-belin.ch\/en\/wp-json\/wp\/v2\/comments?post=294"}],"version-history":[{"count":21,"href":"https:\/\/saveurs-cerneux-belin.ch\/en\/wp-json\/wp\/v2\/pages\/294\/revisions"}],"predecessor-version":[{"id":969,"href":"https:\/\/saveurs-cerneux-belin.ch\/en\/wp-json\/wp\/v2\/pages\/294\/revisions\/969"}],"wp:attachment":[{"href":"https:\/\/saveurs-cerneux-belin.ch\/en\/wp-json\/wp\/v2\/media?parent=294"}],"curies":[{"name":"WordPress","href":"https:\/\/api.w.org\/{rel}","templated":true}]}}