{"id":75,"date":"2020-06-15T12:01:01","date_gmt":"2020-06-15T10:01:01","guid":{"rendered":"https:\/\/saveurs-cerneux-belin.ch\/?page_id=75"},"modified":"2026-03-19T15:56:56","modified_gmt":"2026-03-19T14:56:56","slug":"accueil","status":"publish","type":"page","link":"https:\/\/saveurs-cerneux-belin.ch\/de\/","title":{"rendered":"Startseite"},"content":{"rendered":"<div class=\"wpb-content-wrapper\"><div data-parent=\"true\" class=\"vc_row row-container\" id=\"row-unique-0\"><div class=\"row-background background-element\">\n\t\t\t\t\t\t\t\t\t\t\t<div class=\"background-wrapper\">\n\t\t\t\t\t\t\t\t\t\t\t\t<div class=\"background-inner\" style=\"background-image: url(https:\/\/saveurs-cerneux-belin.ch\/wp-content\/uploads\/Saveurs_Cerneux_Belin_Bienvenue.webp);background-repeat: no-repeat;background-position: center center;background-attachment: scroll;background-size: cover;\"><\/div>\n\t\t\t\t\t\t\t\t\t\t\t\t\n\t\t\t\t\t\t\t\t\t\t\t<\/div>\n\t\t\t\t\t\t\t\t\t\t<\/div><div class=\"row full-width row-parent\" data-minheight=\"300\"><div class=\"wpb_row row-inner\"><div class=\"wpb_column pos-top pos-center align_left column_parent col-lg-12 single-internal-gutter\"><div class=\"uncol style-light\"  ><div class=\"uncoltable\"><div class=\"uncell no-block-padding\" ><div class=\"uncont\" ><div class=\"empty-space empty-double\" ><span class=\"empty-space-inner\"><\/span><\/div>\n<\/div><\/div><\/div><\/div><\/div><script id=\"script-row-unique-0\" data-row=\"script-row-unique-0\" type=\"text\/javascript\" class=\"vc_controls\">UNCODE.initRow(document.getElementById(\"row-unique-0\"));<\/script><\/div><\/div><\/div><div data-parent=\"true\" class=\"vc_row has-bg need-focus style-color-xsdn-bg row-container onepage-section\" data-label=\"Menu\" data-name=\"menu\" id=\"row-unique-1\"><div class=\"row double-top-padding double-bottom-padding single-h-padding limit-width row-parent\"><div class=\"wpb_row row-inner\"><div class=\"wpb_column pos-bottom pos-center align_center column_parent col-lg-12 single-internal-gutter\"><div class=\"uncol style-light\"  ><div class=\"uncoltable\"><div class=\"uncell no-block-padding\" ><div class=\"uncont\" ><div class=\"vc_row row-internal row-container\"><div class=\"row row-child\"><div class=\"wpb_row row-inner\"><div class=\"wpb_column pos-top pos-center align_center column_child col-lg-4 single-internal-gutter\"><div class=\"uncol style-light\" ><div class=\"uncoltable\"><div class=\"uncell no-block-padding\" ><div class=\"uncont\" ><div class=\"uncode-single-media  text-left\"><div class=\"single-wrapper\" style=\"max-width: 100%;\"><div class=\"tmb tmb-light  tmb-media-first tmb-media-last tmb-content-overlay tmb-no-bg\"><div class=\"t-inside\"><div class=\"t-entry-visual\"><div class=\"t-entry-visual-tc\"><div class=\"uncode-single-media-wrapper\"><img decoding=\"async\" class=\"wp-image-681\" src=\"https:\/\/saveurs-cerneux-belin.ch\/wp-content\/uploads\/Self.png\" width=\"800\" height=\"800\" alt=\"\" srcset=\"https:\/\/saveurs-cerneux-belin.ch\/wp-content\/uploads\/Self.png 800w, https:\/\/saveurs-cerneux-belin.ch\/wp-content\/uploads\/Self-300x300.png 300w, https:\/\/saveurs-cerneux-belin.ch\/wp-content\/uploads\/Self-150x150.png 150w, https:\/\/saveurs-cerneux-belin.ch\/wp-content\/uploads\/Self-768x768.png 768w, https:\/\/saveurs-cerneux-belin.ch\/wp-content\/uploads\/Self-350x350.png 350w, https:\/\/saveurs-cerneux-belin.ch\/wp-content\/uploads\/Self-348x348.png 348w\" sizes=\"(max-width: 800px) 100vw, 800px\" \/><\/div>\n\t\t\t\t\t<\/div>\n\t\t\t\t<\/div><\/div><\/div><\/div><\/div><div class=\"vc_custom_heading_wrap\"><div class=\"heading-text el-text\" ><h2 class=\"font-219816 h2 font-weight-600 text-color-117133-color\" ><span>Selbstbedienung<\/span><\/h2><div class=\"text-small\"><p>Hofladen mit Selbstbedienung, t\u00e4glich ge\u00f6ffnet, in der N\u00e4he von Saignel\u00e9gier. Z\u00f6pfe, frisches Brot, Geb\u00e4ck und To\u00e9tch\u00e9s jeden Samstag und Sonntag.<\/p>\n<\/div><\/div><div class=\"clear\"><\/div><\/div><span class=\"btn-container\" ><a role=\"button\"  href=\"https:\/\/saveurs-cerneux-belin.ch\/de\/self-service\/\" class=\"custom-link btn btn-sm border-width-0 button_intro btn-color-932309 btn-icon-left\" title=\"Selbstbedienung\">MEHR SEHEN<\/a><\/span><\/div><\/div><\/div><\/div><\/div><div class=\"wpb_column pos-top pos-center align_center column_child col-lg-4 single-internal-gutter\"><div class=\"uncol style-light\" ><div class=\"uncoltable\"><div class=\"uncell no-block-padding\" ><div class=\"uncont\" ><div class=\"uncode-single-media  text-left\"><div class=\"single-wrapper\" style=\"max-width: 100%;\"><div class=\"tmb tmb-light  tmb-media-first tmb-media-last tmb-content-overlay tmb-no-bg\"><div class=\"t-inside\"><div class=\"t-entry-visual\"><div class=\"t-entry-visual-tc\"><div class=\"uncode-single-media-wrapper\"><img decoding=\"async\" class=\"wp-image-679\" src=\"https:\/\/saveurs-cerneux-belin.ch\/wp-content\/uploads\/Viande.png\" width=\"800\" height=\"800\" alt=\"\" srcset=\"https:\/\/saveurs-cerneux-belin.ch\/wp-content\/uploads\/Viande.png 800w, https:\/\/saveurs-cerneux-belin.ch\/wp-content\/uploads\/Viande-300x300.png 300w, https:\/\/saveurs-cerneux-belin.ch\/wp-content\/uploads\/Viande-150x150.png 150w, https:\/\/saveurs-cerneux-belin.ch\/wp-content\/uploads\/Viande-768x768.png 768w, https:\/\/saveurs-cerneux-belin.ch\/wp-content\/uploads\/Viande-350x350.png 350w, https:\/\/saveurs-cerneux-belin.ch\/wp-content\/uploads\/Viande-348x348.png 348w\" sizes=\"(max-width: 800px) 100vw, 800px\" \/><\/div>\n\t\t\t\t\t<\/div>\n\t\t\t\t<\/div><\/div><\/div><\/div><\/div><div class=\"vc_custom_heading_wrap\"><div class=\"heading-text el-text\" ><h2 class=\"font-219816 h2 font-weight-600 text-color-117133-color\" ><span>Fleisch<\/span><\/h2><div class=\"text-small\"><p>Kaufen Sie Ihr Rindfleisch direkt vom Erzeuger, ein Garant f\u00fcr Qualit\u00e4t, R\u00fcckverfolgbarkeit und Nachhaltigkeit. Das Fleisch aus unserer Zucht ist mit dem Natura-Beef-Siegel ausgezeichnet.<\/p>\n<\/div><\/div><div class=\"clear\"><\/div><\/div><span class=\"btn-container\" ><a role=\"button\"  href=\"https:\/\/saveurs-cerneux-belin.ch\/de\/vente-directe-de-viande\/\" class=\"custom-link btn btn-sm border-width-0 button_intro btn-color-932309 btn-icon-left\" title=\"Direktverkauf von Fleisch\">MEHR SEHEN<\/a><\/span><\/div><\/div><\/div><\/div><\/div><div class=\"wpb_column pos-top pos-center align_center column_child col-lg-4 single-internal-gutter\"><div class=\"uncol style-light\" ><div class=\"uncoltable\"><div class=\"uncell no-block-padding\" ><div class=\"uncont\" ><div class=\"uncode-single-media  text-left\"><div class=\"single-wrapper\" style=\"max-width: 100%;\"><div class=\"tmb tmb-light  tmb-media-first tmb-media-last tmb-content-overlay tmb-no-bg\"><div class=\"t-inside\"><div class=\"t-entry-visual\"><div class=\"t-entry-visual-tc\"><div class=\"uncode-single-media-wrapper\"><img decoding=\"async\" class=\"wp-image-976\" src=\"https:\/\/saveurs-cerneux-belin.ch\/wp-content\/uploads\/TinyHouse.png\" width=\"800\" height=\"800\" alt=\"\" srcset=\"https:\/\/saveurs-cerneux-belin.ch\/wp-content\/uploads\/TinyHouse.png 800w, https:\/\/saveurs-cerneux-belin.ch\/wp-content\/uploads\/TinyHouse-300x300.png 300w, https:\/\/saveurs-cerneux-belin.ch\/wp-content\/uploads\/TinyHouse-150x150.png 150w, https:\/\/saveurs-cerneux-belin.ch\/wp-content\/uploads\/TinyHouse-768x768.png 768w, https:\/\/saveurs-cerneux-belin.ch\/wp-content\/uploads\/TinyHouse-350x350.png 350w, https:\/\/saveurs-cerneux-belin.ch\/wp-content\/uploads\/TinyHouse-348x348.png 348w\" sizes=\"(max-width: 800px) 100vw, 800px\" \/><\/div>\n\t\t\t\t\t<\/div>\n\t\t\t\t<\/div><\/div><\/div><\/div><\/div><div class=\"vc_custom_heading_wrap\"><div class=\"heading-text el-text\" ><h2 class=\"font-219816 h2 font-weight-600 text-color-117133-color\" ><span>Tiny House<\/span><\/h2><div class=\"text-small\"><p>Unser gem\u00fctliches Tiny House f\u00fcr 2 Personen ist von viel Gr\u00fcn umgeben. Reiter, Wanderer, Radfahrer oder einfach nur Liebhaber des Juras, buchen Sie Ihren Aufenthalt, um die Region zu geniessen und vom Alltag abzuschalten.<\/p>\n<\/div><\/div><div class=\"clear\"><\/div><\/div><span class=\"btn-container\" ><a role=\"button\"  href=\"https:\/\/saveurs-cerneux-belin.ch\/de\/tiny-house\/\" class=\"custom-link btn btn-sm border-width-0 button_intro btn-color-932309 btn-icon-left\" title=\"Tiny House\">MEHR SEHEN<\/a><\/span><\/div><\/div><\/div><\/div><\/div><\/div><\/div><\/div><div class=\"vc_row row-internal row-container\"><div class=\"row row-child\"><div class=\"wpb_row row-inner\"><div class=\"wpb_column pos-top pos-center align_center column_child col-lg-4 single-internal-gutter\"><div class=\"uncol style-light\" ><div class=\"uncoltable\"><div class=\"uncell no-block-padding\" ><div class=\"uncont\" ><div class=\"uncode-single-media  text-left\"><div class=\"single-wrapper\" style=\"max-width: 100%;\"><div class=\"tmb tmb-light  tmb-media-first tmb-media-last tmb-content-overlay tmb-no-bg\"><div class=\"t-inside\"><div class=\"t-entry-visual\"><div class=\"t-entry-visual-tc\"><div class=\"uncode-single-media-wrapper\"><img decoding=\"async\" class=\"wp-image-977\" src=\"https:\/\/saveurs-cerneux-belin.ch\/wp-content\/uploads\/Sacs_Brunch.png\" width=\"800\" height=\"800\" alt=\"\" srcset=\"https:\/\/saveurs-cerneux-belin.ch\/wp-content\/uploads\/Sacs_Brunch.png 800w, https:\/\/saveurs-cerneux-belin.ch\/wp-content\/uploads\/Sacs_Brunch-300x300.png 300w, https:\/\/saveurs-cerneux-belin.ch\/wp-content\/uploads\/Sacs_Brunch-150x150.png 150w, https:\/\/saveurs-cerneux-belin.ch\/wp-content\/uploads\/Sacs_Brunch-768x768.png 768w, https:\/\/saveurs-cerneux-belin.ch\/wp-content\/uploads\/Sacs_Brunch-350x350.png 350w, https:\/\/saveurs-cerneux-belin.ch\/wp-content\/uploads\/Sacs_Brunch-348x348.png 348w\" sizes=\"(max-width: 800px) 100vw, 800px\" \/><\/div>\n\t\t\t\t\t<\/div>\n\t\t\t\t<\/div><\/div><\/div><\/div><\/div><div class=\"vc_custom_heading_wrap\"><div class=\"heading-text el-text\" ><h2 class=\"font-219816 h2 font-weight-600 text-color-117133-color\" ><span>Brunch-Rucksack<\/span><\/h2><div class=\"text-small\"><p>Ob zu Fu\u00df oder mit dem Fahrrad, nehmen Sie unsere Brunch-Tasche mit! Alles ist drin f\u00fcr eine genussvolle Mahlzeit in freier Natur. Hausgemachte herzhafte und s\u00fc\u00dfe Produkte, Getr\u00e4nke, Besteck, lassen Sie sich von diesem schl\u00fcsselfertigen Konzept verf\u00fchren. Entdecken Sie unsere Routen!<\/p>\n<\/div><\/div><div class=\"clear\"><\/div><\/div><div class=\"empty-space empty-half\" ><span class=\"empty-space-inner\"><\/span><\/div>\n<span class=\"btn-container btn-inline\" ><a role=\"button\"  href=\"https:\/\/saveurs-cerneux-belin.ch\/de\/rando-brunch\/\" class=\"custom-link btn btn-sm border-width-0 button_intro btn-color-932309 btn-icon-left\" title=\"Sacs Brunch\">Rando brunch<\/a><\/span><span class=\"btn-container btn-inline\" ><a role=\"button\"  href=\"https:\/\/saveurs-cerneux-belin.ch\/de\/cyclo-brunch\/\" class=\"custom-link btn btn-sm border-width-0 button_intro btn-color-932309 btn-icon-left\" title=\"Sacs Brunch\">Cyclo brunch<\/a><\/span><\/div><\/div><\/div><\/div><\/div><div class=\"wpb_column pos-top pos-center align_center column_child col-lg-4 single-internal-gutter\"><div class=\"uncol style-light\" ><div class=\"uncoltable\"><div class=\"uncell no-block-padding\" ><div class=\"uncont\" ><div class=\"uncode-single-media  text-left\"><div class=\"single-wrapper\" style=\"max-width: 100%;\"><div class=\"tmb tmb-light  tmb-media-first tmb-media-last tmb-content-overlay tmb-no-bg\"><div class=\"t-inside\"><div class=\"t-entry-visual\"><div class=\"t-entry-visual-tc\"><div class=\"uncode-single-media-wrapper\"><img decoding=\"async\" class=\"wp-image-978\" src=\"https:\/\/saveurs-cerneux-belin.ch\/wp-content\/uploads\/Oeufs.png\" width=\"800\" height=\"800\" alt=\"\" srcset=\"https:\/\/saveurs-cerneux-belin.ch\/wp-content\/uploads\/Oeufs.png 800w, https:\/\/saveurs-cerneux-belin.ch\/wp-content\/uploads\/Oeufs-300x300.png 300w, https:\/\/saveurs-cerneux-belin.ch\/wp-content\/uploads\/Oeufs-150x150.png 150w, https:\/\/saveurs-cerneux-belin.ch\/wp-content\/uploads\/Oeufs-768x768.png 768w, https:\/\/saveurs-cerneux-belin.ch\/wp-content\/uploads\/Oeufs-350x350.png 350w, https:\/\/saveurs-cerneux-belin.ch\/wp-content\/uploads\/Oeufs-348x348.png 348w\" sizes=\"(max-width: 800px) 100vw, 800px\" \/><\/div>\n\t\t\t\t\t<\/div>\n\t\t\t\t<\/div><\/div><\/div><\/div><\/div><div class=\"vc_custom_heading_wrap\"><div class=\"heading-text el-text\" ><h2 class=\"font-219816 h2 font-weight-600 text-color-117133-color\" ><span>Eier<\/span><\/h2><div class=\"text-small\"><p>Wir verkaufen frische Eier aus unserem mobilen H\u00fchnerstall. Dieses System erm\u00f6glicht es unseren H\u00fchnern, immer gen\u00fcgend Platz und frisches Gras zur Verf\u00fcgung zu haben. Das Futter stammt aus der M\u00fchle von Vicques. CHF 16.- f\u00fcr die Kiste mit 30 Eiern.<\/p>\n<\/div><\/div><div class=\"clear\"><\/div><\/div><span class=\"btn-container\" ><a role=\"button\"  href=\"https:\/\/saveurs-cerneux-belin.ch\/de\/oeufs\/\" class=\"custom-link btn btn-sm border-width-0 button_intro btn-color-932309 btn-icon-left\" title=\"Produkte\">MEHR SEHEN<\/a><\/span><\/div><\/div><\/div><\/div><\/div><div class=\"wpb_column pos-top pos-center align_center column_child col-lg-4 single-internal-gutter\"><div class=\"uncol style-light\" ><div class=\"uncoltable\"><div class=\"uncell no-block-padding\" ><div class=\"uncont\" ><div class=\"uncode-single-media  text-left\"><div class=\"single-wrapper\" style=\"max-width: 100%;\"><div class=\"tmb tmb-light  tmb-media-first tmb-media-last tmb-content-overlay tmb-no-bg\"><div class=\"t-inside\"><div class=\"t-entry-visual\"><div class=\"t-entry-visual-tc\"><div class=\"uncode-single-media-wrapper\"><img decoding=\"async\" class=\"wp-image-979\" src=\"https:\/\/saveurs-cerneux-belin.ch\/wp-content\/uploads\/Produits-1.png\" width=\"800\" height=\"800\" alt=\"\" srcset=\"https:\/\/saveurs-cerneux-belin.ch\/wp-content\/uploads\/Produits-1.png 800w, https:\/\/saveurs-cerneux-belin.ch\/wp-content\/uploads\/Produits-1-300x300.png 300w, https:\/\/saveurs-cerneux-belin.ch\/wp-content\/uploads\/Produits-1-150x150.png 150w, https:\/\/saveurs-cerneux-belin.ch\/wp-content\/uploads\/Produits-1-768x768.png 768w, https:\/\/saveurs-cerneux-belin.ch\/wp-content\/uploads\/Produits-1-350x350.png 350w, https:\/\/saveurs-cerneux-belin.ch\/wp-content\/uploads\/Produits-1-348x348.png 348w\" sizes=\"(max-width: 800px) 100vw, 800px\" \/><\/div>\n\t\t\t\t\t<\/div>\n\t\t\t\t<\/div><\/div><\/div><\/div><\/div><div class=\"vc_custom_heading_wrap\"><div class=\"heading-text el-text\" ><h2 class=\"font-219816 h2 font-weight-600 text-color-117133-color\" ><span>Produkte<\/span><\/h2><div class=\"text-small\"><p>Hausgemachte Leckereien. S\u00fc\u00df und herzhaft, f\u00fcr Gro\u00df und Klein! Die meisten Produkte finden Sie im Selbstbedienungsbereich des Hofladens.<\/p>\n<\/div><\/div><div class=\"clear\"><\/div><\/div><span class=\"btn-container\" ><a role=\"button\"  href=\"https:\/\/saveurs-cerneux-belin.ch\/de\/produits-artisanaux\/\" class=\"custom-link btn btn-sm border-width-0 button_intro btn-color-932309 btn-icon-left\" title=\"Produkte\">MEHR SEHEN<\/a><\/span><\/div><\/div><\/div><\/div><\/div><\/div><\/div><\/div><\/div><\/div><\/div><\/div><\/div><script id=\"script-row-unique-1\" data-row=\"script-row-unique-1\" type=\"text\/javascript\" class=\"vc_controls\">UNCODE.initRow(document.getElementById(\"row-unique-1\"));<\/script><\/div><\/div><\/div><div data-parent=\"true\" class=\"vc_row has-bg need-focus style-color-810884-bg row-container onepage-section\" data-label=\"La ferme\" data-name=\"la_ferme\" id=\"row-unique-2\"><div class=\"row double-top-padding double-bottom-padding single-h-padding limit-width row-parent\"><div class=\"wpb_row row-inner\"><div class=\"wpb_column pos-top pos-center align_left column_parent col-lg-12 single-internal-gutter\"><div class=\"uncol style-light\"  ><div class=\"uncoltable\"><div class=\"uncell no-block-padding\" ><div class=\"uncont\" ><div class=\"vc_custom_heading_wrap\"><div class=\"heading-text el-text\" ><h1 class=\"font-219816 h1 text-color-117133-color text-uppercase\" ><span>Der Bauernhof<\/span><\/h1><\/div><div class=\"clear\"><\/div><\/div><div class=\"vc_row row-internal row-container\"><div class=\"row col-double-gutter row-child\"><div class=\"wpb_row row-inner\"><div class=\"wpb_column pos-top pos-center align_left column_child col-lg-8 single-internal-gutter\"><div class=\"uncol style-light\" ><div class=\"uncoltable\"><div class=\"uncell no-block-padding\" ><div class=\"uncont\" ><div class=\"uncode_text_column\" ><\/p>\n<h3>Unsere Familie und unsere Werte<\/h3>\n<p>B\u00e9atrice Bonnet und Jo\u00ebl Cattin \u00fcbernehmen 2012 den elterlichen Betrieb. Das Gut umfasst 18 Hektar Land, haupts\u00e4chlich f\u00fcr die Viehweide und Heugewinnung.<\/p>\n<p>In 1000 Metern H\u00f6he, auf dem Hochplateau der Freiberge, ist unsere Produktion an unser Terroir angepasst und erfolgt im Einklang mit der Natur.<\/p>\n<p>Unsere Anlagen entsprechen den Tierschutzstandards und dem Wohlbefinden der Tiere. Obwohl wir nicht Bio-zertifiziert sind, bewirtschaften wir unseren Hof umweltfreundlich. Unsere Tiere werden mit unserem Futter gef\u00fcttert und wir produzieren extensiv.<\/p>\n<p>Unser Mutterkuhbetrieb der Rasse Fleckvieh entspricht den Standards von Mutterkuh Schweiz und erh\u00e4lt das Label Natura-Beef.<\/p>\n<\/div><div class=\"uncode_text_column\" ><\/p>\n<h3>Unsere Tiere<\/h3>\n<p>Auf unserem Hof leben Milchk\u00fche mit ihren K\u00e4lbern und ein Bulle. Pferde in Pensionshaltung genie\u00dfen ebenfalls den Platz auf unseren Weiden. Unser mobiler H\u00fchnerstall erm\u00f6glicht es unseren H\u00fchnern, w\u00e4hrend der gesamten Saison frisches Gras zu genie\u00dfen, und unsere Schweine haben ein gro\u00dfes Gehege und sogar ein kleines Waldst\u00fcck zur Verf\u00fcgung. Nicht zu vergessen die Katzen, die f\u00fcr einen nath-freien Bauernhof sorgen!<\/p>\n<\/div><\/div><\/div><\/div><\/div><\/div><div class=\"wpb_column pos-top pos-center align_left column_child col-lg-4 single-internal-gutter\"><div class=\"uncol style-light\" ><div class=\"uncoltable\"><div class=\"uncell no-block-padding\" ><div class=\"uncont\" ><div class=\"uncode-single-media  text-left\"><div class=\"single-wrapper\" style=\"max-width: 100%;\"><div class=\"tmb tmb-light  tmb-media-first tmb-media-last tmb-content-overlay tmb-no-bg\"><div class=\"t-inside\"><div class=\"t-entry-visual\"><div class=\"t-entry-visual-tc\"><div class=\"uncode-single-media-wrapper\"><img decoding=\"async\" class=\"wp-image-848\" src=\"https:\/\/saveurs-cerneux-belin.ch\/wp-content\/uploads\/Beatrice_Bonnet_Joel_Cattin.webp\" width=\"733\" height=\"733\" alt=\"\" srcset=\"https:\/\/saveurs-cerneux-belin.ch\/wp-content\/uploads\/Beatrice_Bonnet_Joel_Cattin.webp 733w, https:\/\/saveurs-cerneux-belin.ch\/wp-content\/uploads\/Beatrice_Bonnet_Joel_Cattin-300x300.webp 300w, https:\/\/saveurs-cerneux-belin.ch\/wp-content\/uploads\/Beatrice_Bonnet_Joel_Cattin-150x150.webp 150w, https:\/\/saveurs-cerneux-belin.ch\/wp-content\/uploads\/Beatrice_Bonnet_Joel_Cattin-350x350.webp 350w, https:\/\/saveurs-cerneux-belin.ch\/wp-content\/uploads\/Beatrice_Bonnet_Joel_Cattin-348x348.webp 348w\" sizes=\"(max-width: 733px) 100vw, 733px\" \/><\/div>\n\t\t\t\t\t<\/div>\n\t\t\t\t<\/div><\/div><\/div><\/div><\/div><div class=\"uncode_text_column\" ><\/p>\n<h3>Direktvertrieb<\/h3>\n<p>Wir praktizieren den Direktvertrieb seit vielen Jahren. Diese direkte Verbindung zum Verbraucher erm\u00f6glicht es uns, transparent zu arbeiten und die Qualit\u00e4t unserer Produkte st\u00e4ndig zu verbessern.<\/p>\n<\/div><\/div><\/div><\/div><\/div><\/div><\/div><\/div><\/div><\/div><\/div><\/div><\/div><\/div><script id=\"script-row-unique-2\" data-row=\"script-row-unique-2\" type=\"text\/javascript\" class=\"vc_controls\">UNCODE.initRow(document.getElementById(\"row-unique-2\"));<\/script><\/div><\/div><\/div><div data-parent=\"true\" class=\"vc_row has-bg need-focus style-color-xsdn-bg row-container onepage-section\" data-label=\"La ferme\" data-name=\"la_ferme\" id=\"row-unique-3\"><div class=\"row double-top-padding double-bottom-padding single-h-padding limit-width row-parent\"><div class=\"wpb_row row-inner\"><div class=\"wpb_column pos-top pos-center align_left column_parent col-lg-12 single-internal-gutter\"><div class=\"uncol style-light\"  ><div class=\"uncoltable\"><div class=\"uncell no-block-padding\" ><div class=\"uncont\" ><div class=\"vc_custom_heading_wrap\"><div class=\"heading-text el-text\" ><h2 class=\"font-219816 h2 text-color-117133-color text-uppercase\" ><span>Pferdeboxen<\/span><\/h2><\/div><div class=\"clear\"><\/div><\/div><div class=\"vc_row row-internal row-container\"><div class=\"row col-double-gutter row-child\"><div class=\"wpb_row row-inner\"><div class=\"wpb_column pos-top pos-center align_left column_child col-lg-4 single-internal-gutter\"><div class=\"uncol style-light\" ><div class=\"uncoltable\"><div class=\"uncell no-block-padding\" ><div class=\"uncont\" ><div class=\"uncode_text_column\" ><\/p>\n<h3>Suchen Sie Pferdeboxen?<\/h3>\n<p>Von Mai bis Oktober bieten wir Pferdeboxen auf dem Bauernhof an. Egal ob Sie f\u00fcr einen Urlaub oder l\u00e4nger in der Gegend sind. Eine gro\u00dfe Weidefl\u00e4che bietet Ihren Pferden Auslauf.<\/p>\n<\/div><\/div><\/div><\/div><\/div><\/div><div class=\"wpb_column pos-top pos-center align_left column_child col-lg-4 single-internal-gutter\"><div class=\"uncol style-light\" ><div class=\"uncoltable\"><div class=\"uncell no-block-padding\" ><div class=\"uncont\" ><div class=\"uncode_text_column\" ><\/p>\n<h3>Unterkunft<\/h3>\n<p>Unser Tiny House, f\u00fcr zwei Personen konzipiert, liegt inmitten von Gr\u00fcn. Ideal, um vom Alltag abzuschalten. Es bietet allen Komfort, den Sie f\u00fcr Ihren Aufenthalt ben\u00f6tigen.<\/p>\n<\/div><\/div><\/div><\/div><\/div><\/div><\/div><\/div><\/div><\/div><\/div><\/div><\/div><\/div><script id=\"script-row-unique-3\" data-row=\"script-row-unique-3\" type=\"text\/javascript\" class=\"vc_controls\">UNCODE.initRow(document.getElementById(\"row-unique-3\"));<\/script><\/div><\/div><\/div>\n<\/div>","protected":false},"excerpt":{"rendered":"Self-serviceSelf-service \u00e0 la ferme, ouvert tous les jours, \u00e0 proximit\u00e9 de Saignel\u00e9gier. Tresses, pains frais, p\u00e2tisseries et to\u00e9tch\u00e9s tous les [...]","protected":false},"author":6,"featured_media":0,"parent":0,"menu_order":0,"comment_status":"closed","ping_status":"closed","template":"","meta":{"footnotes":""},"class_list":["post-75","page","type-page","status-publish","hentry"],"_links":{"self":[{"href":"https:\/\/saveurs-cerneux-belin.ch\/de\/wp-json\/wp\/v2\/pages\/75","targetHints":{"allow":["GET"]}}],"collection":[{"href":"https:\/\/saveurs-cerneux-belin.ch\/de\/wp-json\/wp\/v2\/pages"}],"about":[{"href":"https:\/\/saveurs-cerneux-belin.ch\/de\/wp-json\/wp\/v2\/types\/page"}],"author":[{"embeddable":true,"href":"https:\/\/saveurs-cerneux-belin.ch\/de\/wp-json\/wp\/v2\/users\/6"}],"replies":[{"embeddable":true,"href":"https:\/\/saveurs-cerneux-belin.ch\/de\/wp-json\/wp\/v2\/comments?post=75"}],"version-history":[{"count":92,"href":"https:\/\/saveurs-cerneux-belin.ch\/de\/wp-json\/wp\/v2\/pages\/75\/revisions"}],"predecessor-version":[{"id":989,"href":"https:\/\/saveurs-cerneux-belin.ch\/de\/wp-json\/wp\/v2\/pages\/75\/revisions\/989"}],"wp:attachment":[{"href":"https:\/\/saveurs-cerneux-belin.ch\/de\/wp-json\/wp\/v2\/media?parent=75"}],"curies":[{"name":"wp","href":"https:\/\/api.w.org\/{rel}","templated":true}]}}