{"id":109,"date":"2020-06-16T14:00:47","date_gmt":"2020-06-16T12:00:47","guid":{"rendered":"https:\/\/saveurs-cerneux-belin.ch\/?page_id=109"},"modified":"2026-03-10T17:48:23","modified_gmt":"2026-03-10T16:48:23","slug":"vente-directe-de-viande","status":"publish","type":"page","link":"https:\/\/saveurs-cerneux-belin.ch\/de\/vente-directe-de-viande\/","title":{"rendered":"Direktverkauf von Fleisch"},"content":{"rendered":"<div class=\"wpb-content-wrapper\"><div data-parent=\"true\" class=\"vc_row has-bg need-focus style-color-117133-bg row-container onepage-section\" data-label=\"Viande\" data-name=\"viande\" id=\"row-unique-0\"><div class=\"row double-top-padding double-bottom-padding single-h-padding limit-width row-parent\"><div class=\"wpb_row row-inner\"><div class=\"wpb_column pos-top pos-center align_left column_parent col-lg-12 single-internal-gutter\"><div class=\"uncol style-spec style-dark\"  ><div class=\"uncoltable\"><div class=\"uncell no-block-padding\" ><div class=\"uncont\" ><div class=\"vc_custom_heading_wrap\"><div class=\"heading-text el-text\" ><h1 class=\"font-219816 h1 text-uppercase\" ><span>F\u00fcr Liebhaber von gutem Fleisch: Rind und Schwein<\/span><\/h1><\/div><div class=\"clear\"><\/div><\/div><div class=\"vc_row viandes row-internal row-container\"><div class=\"row row-child\"><div class=\"wpb_row row-inner\"><div class=\"wpb_column pos-top pos-center align_left column_child col-lg-4 single-internal-gutter\"><div class=\"uncol style-spec style-dark\" ><div class=\"uncoltable\"><div class=\"uncell no-block-padding\" ><div class=\"uncont\" ><div class=\"vc_custom_heading_wrap\"><div class=\"heading-text el-text\" ><h3 class=\"h3\" ><span>Natura-Beef Rindfleisch<\/span><\/h3><\/div><div class=\"clear\"><\/div><\/div><div class=\"uncode_text_column\" ><p>Um Ihnen die beste Fleischqualit\u00e4t anzubieten, werden unsere Abkalbungsrinder bis zu 10 Monate aufgezogen. Unser Betrieb ist mit Natura-Beef ausgezeichnet. Unser Fleisch reift 18 Tage.<\/p>\n<p>Unsere K\u00fche stammen haupts\u00e4chlich von der Rasse Limousin ab. Sie grasen von Mai bis November auf unserer bewaldeten Weide im Jura. Die K\u00e4lber bleiben bei ihren M\u00fcttern in extensiver Haltung. Ihre Ern\u00e4hrung besteht haupts\u00e4chlich aus Muttermilch, erg\u00e4nzt durch sp\u00e4ter auf dem Betrieb produziertes Gras und Heu.<\/p>\n<p>Schweizer Mutterk\u00fche garantieren mit Zertifikat f\u00fcr jedes Tier die Einhaltung der Natura-Beef-Standards bez\u00fcglich Alter, Herkunft, Haltung und F\u00fctterung.<\/p>\n<p><a href=\"#boeuf\">Informationen und Preise<\/a><\/p>\n<\/div><\/div><\/div><\/div><\/div><\/div><div class=\"wpb_column pos-top pos-center align_left column_child col-lg-4 single-internal-gutter\"><div class=\"uncol style-spec style-dark\" ><div class=\"uncoltable\"><div class=\"uncell no-block-padding\" ><div class=\"uncont\" ><div class=\"vc_custom_heading_wrap\"><div class=\"heading-text el-text\" ><h3 class=\"h3\" ><span>Freiland-Schweinefleisch<\/span><\/h3><\/div><div class=\"clear\"><\/div><\/div><div class=\"uncode_text_column\" ><p>Eine Neuerung auf dem Bauernhof!<\/p>\n<p>Dieses Jahr bieten wir \u00abWeideschweine\u00bb an, die im Freien mit Zugang zu einer Waldweide aufgezogen und ausschlie\u00dflich mit Getreide und Gras gef\u00fcttert werden.<\/p>\n<p>Unser Ziel ist es, Schweinefleisch von anderer Qualit\u00e4t als konventionelles Schweinefleisch herzustellen. Aus Sorge um ihr Wohlbefinden bieten wir ihnen diese Freiheit und die Zeit, in ihrem eigenen Tempo zu wachsen.<\/p>\n<p><a href=\"#porc\">Informationen und Preise<\/a><\/p>\n<\/div><\/div><\/div><\/div><\/div><\/div><div class=\"wpb_column pos-top pos-center align_left column_child col-lg-4 single-internal-gutter\"><div class=\"uncol style-light\" ><div class=\"uncoltable\"><div class=\"uncell no-block-padding\" ><div class=\"uncont\" ><div class=\"uncode-single-media  text-left\"><div class=\"single-wrapper\" style=\"max-width: 100%;\"><div class=\"tmb tmb-light  tmb-media-first tmb-media-last tmb-content-overlay tmb-no-bg\"><div class=\"t-inside\"><div class=\"t-entry-visual\"><div class=\"t-entry-visual-tc\"><div class=\"uncode-single-media-wrapper\"><img decoding=\"async\" class=\"wp-image-18\" src=\"https:\/\/saveurs-cerneux-belin.ch\/wp-content\/uploads\/Illustration_viande.png\" width=\"600\" height=\"600\" alt=\"viande\" srcset=\"https:\/\/saveurs-cerneux-belin.ch\/wp-content\/uploads\/Illustration_viande.png 600w, https:\/\/saveurs-cerneux-belin.ch\/wp-content\/uploads\/Illustration_viande-300x300.png 300w, https:\/\/saveurs-cerneux-belin.ch\/wp-content\/uploads\/Illustration_viande-150x150.png 150w\" sizes=\"(max-width: 600px) 100vw, 600px\" \/><\/div>\n\t\t\t\t\t<\/div>\n\t\t\t\t<\/div><\/div><\/div><\/div><\/div><\/div><\/div><\/div><\/div><\/div><\/div><\/div><\/div><\/div><\/div><\/div><\/div><\/div><script id=\"script-row-unique-0\" data-row=\"script-row-unique-0\" type=\"text\/javascript\" class=\"vc_controls\">UNCODE.initRow(document.getElementById(\"row-unique-0\"));<\/script><\/div><\/div><\/div><div data-parent=\"true\" class=\"vc_row has-bg need-focus style-color-xsdn-bg row-container onepage-section\" data-label=\"boeuf\" data-name=\"boeuf\" id=\"row-unique-1\"><div class=\"row double-top-padding double-bottom-padding single-h-padding limit-width row-parent\"><div class=\"wpb_row row-inner\"><div class=\"wpb_column pos-top pos-center align_center column_parent col-lg-12 single-internal-gutter\"><div class=\"uncol style-light\"  ><div class=\"uncoltable\"><div class=\"uncell no-block-padding\" ><div class=\"uncont\" ><div class=\"vc_row row-internal row-container\"><div class=\"row row-child\"><div class=\"wpb_row row-inner\"><div class=\"wpb_column pos-top pos-center align_center column_child col-lg-12 single-internal-gutter\"><div class=\"uncol style-light\" ><div class=\"uncoltable\"><div class=\"uncell no-block-padding\" ><div class=\"uncont\" ><div class=\"vc_custom_heading_wrap\"><div class=\"heading-text el-text\" ><h2 class=\"font-219816 h2 text-uppercase\" ><span>Direktverkauf von Rindfleisch<\/span><\/h2><\/div><div class=\"clear\"><\/div><\/div><div class=\"vc_custom_heading_wrap\"><div class=\"heading-text el-text\" ><h2 class=\"font-555555 h5 font-weight-600\" ><span>Aus unserer Produktion stammendes Limousin-Rindfleisch ist garantiert \u00abNatura-Beef\u00bb.<\/p><\/span><span><p>Weitere Informationen zum Label: <a href=\"https:\/\/www.mutterkuh.ch\/fr\/natura-beef\" target=\"_blank\" rel=\"noopener noreferrer\">www.vachemere.ch<\/a><\/p><\/span><span><p>Sie haben die M\u00f6glichkeit, das Fleisch in etwa folgenden Mengen zu bestellen:<\/span><\/h2><\/div><div class=\"clear\"><\/div><\/div><div class=\"uncode-single-media  text-left\"><div class=\"single-wrapper\" style=\"max-width: 100%;\"><div class=\"tmb tmb-light  tmb-media-first tmb-media-last tmb-content-overlay tmb-no-bg\"><div class=\"t-inside\"><div class=\"t-entry-visual\"><div class=\"t-entry-visual-tc\"><div class=\"uncode-single-media-wrapper\"><img decoding=\"async\" class=\"wp-image-239\" src=\"https:\/\/saveurs-cerneux-belin.ch\/wp-content\/uploads\/poids.png\" width=\"5001\" height=\"1111\" alt=\"Poids viande\" srcset=\"https:\/\/saveurs-cerneux-belin.ch\/wp-content\/uploads\/poids.png 5001w, https:\/\/saveurs-cerneux-belin.ch\/wp-content\/uploads\/poids-300x67.png 300w, https:\/\/saveurs-cerneux-belin.ch\/wp-content\/uploads\/poids-1024x227.png 1024w, https:\/\/saveurs-cerneux-belin.ch\/wp-content\/uploads\/poids-768x171.png 768w, https:\/\/saveurs-cerneux-belin.ch\/wp-content\/uploads\/poids-1536x341.png 1536w, https:\/\/saveurs-cerneux-belin.ch\/wp-content\/uploads\/poids-2048x455.png 2048w\" sizes=\"(max-width: 5001px) 100vw, 5001px\" \/><\/div>\n\t\t\t\t\t<\/div>\n\t\t\t\t<\/div><\/div><\/div><\/div><\/div><div class=\"divider-wrapper\"  >\n    <hr class=\"unseparator border-color-629568-color separator-no-padding\"  style=\"border-top-width: 2;\" \/>\n<\/div>\n<div class=\"vc_custom_heading_wrap\"><div class=\"heading-text el-text\" ><h2 class=\"font-219816 h2 text-uppercase\" ><span>Preis<\/span><\/h2><\/div><div class=\"clear\"><\/div><\/div><div class=\"vc_custom_heading_wrap\"><div class=\"heading-text el-text\" ><h2 class=\"font-555555 h4 font-weight-900\" ><span><strong>26.- das Kilo<\/strong><\/span><\/h2><\/div><div class=\"clear\"><\/div><\/div><div class=\"vc_custom_heading_wrap\"><div class=\"heading-text el-text\" ><h2 class=\"font-555555 h5 font-weight-600\" ><span>Von uns verpackt oder von Ihnen selbst nach Wunsch beim Metzger.<br \/><\/span><span>Die verschiedenen Fleischst\u00fccke werden vakuumiert und etikettiert.<\/span><\/h2><\/div><div class=\"clear\"><\/div><\/div><div class=\"uncode-single-media  text-center\"><div class=\"single-wrapper\" style=\"max-width: 25%;\"><div class=\"tmb tmb-light  tmb-media-first tmb-media-last tmb-content-overlay tmb-no-bg\"><div class=\"t-inside\"><div class=\"t-entry-visual\"><div class=\"t-entry-visual-tc\"><div class=\"uncode-single-media-wrapper\"><img decoding=\"async\" class=\"wp-image-114\" src=\"https:\/\/saveurs-cerneux-belin.ch\/wp-content\/uploads\/sous_vide.png\" width=\"593\" height=\"266\" alt=\"Sous vide\" srcset=\"https:\/\/saveurs-cerneux-belin.ch\/wp-content\/uploads\/sous_vide.png 593w, https:\/\/saveurs-cerneux-belin.ch\/wp-content\/uploads\/sous_vide-300x135.png 300w\" sizes=\"(max-width: 593px) 100vw, 593px\" \/><\/div>\n\t\t\t\t\t<\/div>\n\t\t\t\t<\/div><\/div><\/div><\/div><\/div><div class=\"divider-wrapper\"  >\n    <hr class=\"unseparator border-color-629568-color separator-no-padding\"  style=\"border-top-width: 2;\" \/>\n<\/div>\n<div class=\"vc_custom_heading_wrap\"><div class=\"heading-text el-text\" ><h2 class=\"font-219816 h2 text-uppercase\" ><span>Um die n\u00e4chsten Vorverkaufsangebote zu erfahren:<\/span><\/h2><\/div><div class=\"clear\"><\/div><\/div><div class=\"vc_custom_heading_wrap\"><div class=\"heading-text el-text\" ><h2 class=\"font-555555 h5 font-weight-600\" ><span>Rufen Sie B\u00e9a an unter <a style=\"text-d\u00e9coration: undeline!important;\" href=\"tel:+41795498481\">079 549 84 81<\/a> Oder hinterlassen Sie eine Nachricht per WhatsApp. Die n\u00e4chsten Termine f\u00fcr den Kauf von frischem Fleisch vom Hof werden Ihnen mitgeteilt. Gefrorenes Fleisch ist das ganze Jahr \u00fcber erh\u00e4ltlich.<\/span><\/h2><\/div><div class=\"clear\"><\/div><\/div><div class=\"icon-box icon-box-top\" ><div class=\"icon-box-icon fa-container\" style=\"margin-bottom: 0px;\" ><span class=\"text-default-color btn-disable-hover\"><i class=\"fa fa-calendar fa-5x fa-fw\"><\/i><\/span><\/div><\/div><div class=\"empty-space empty-single\" ><span class=\"empty-space-inner\"><\/span><\/div>\n<\/div><\/div><\/div><\/div><\/div><\/div><\/div><\/div><div class=\"vc_row row-internal row-container\"><div class=\"row row-child\"><div class=\"wpb_row row-inner\"><div class=\"wpb_column pos-top pos-center align_center column_child col-lg-12 single-internal-gutter\"><div class=\"uncol style-light\" ><div class=\"uncoltable\"><div class=\"uncell no-block-padding\" ><div class=\"uncont\" ><div class=\"divider-wrapper\"  >\n    <hr class=\"unseparator border-color-629568-color separator-no-padding\"  style=\"border-top-width: 2;\" \/>\n<\/div>\n<div class=\"vc_custom_heading_wrap\"><div class=\"heading-text el-text\" ><h2 class=\"font-219816 h2 text-uppercase\" ><span>Rindfleischst\u00fccke<\/span><\/h2><\/div><div class=\"clear\"><\/div><\/div><div class=\"uncode_text_column\" ><p>Sie bestellen beispielsweise ein Viertel Rind, was etwa 30 Kilogramm Fleisch entspricht, bestehend aus:<\/p>\n<p><strong>Braten<\/strong><br \/>\n4 St\u00fcck ca. 1 kg und 4 St\u00fcck ca. 800 g<\/p>\n<p><strong>Bouillis<\/strong><br \/>\n4 St\u00fcck \u00e0 ca. 800 g<\/p>\n<p><strong>Jarrets<\/strong><br \/>\nUmgeb. 4 Zimmer<\/p>\n<p><strong>Hackfleisch<\/strong><br \/>\nUmgeb. 10 Packungen \u00e0 500 g<\/p>\n<p><strong>Ragout<\/strong><br \/>\n4 Verpackungen \u00e0 500 g<\/p>\n<p><strong>Geschnetzeltes<\/strong><br \/>\nca. 4 Packungen \u00e0 600 g<\/p>\n<p><strong>Steaks<\/strong><br \/>\nca. 20 St\u00fccke<\/p>\n<p><strong>Quadratische Tranchen<\/strong><br \/>\n1 St\u00fcck ca. 1kg oder geschnitten<\/p>\n<p><strong>Entrec\u00f4tes<\/strong><br \/>\n9 Zimmer<\/p>\n<p><strong>Hohe Rippen<\/strong><br \/>\nUmgebung 5 Zimmer<\/p>\n<p><strong>Filet oder Tournedos<\/strong><br \/>\n1 St\u00fcck von ca. 800 g oder geschnitten<\/p>\n<p><strong>Roastbeef, Fondue Chinoise oder Burgunder Gulasch und Charbonnade<\/strong><br \/>\n1 St\u00fcck \u00e0 ca. 800 g und 2 St\u00fcck \u00e0 ca. 600 g<\/p>\n<p>Jedes Tier hat ein unterschiedliches Gewicht und eine unterschiedliche Leistung, dieses Beispiel kann variieren.<\/p>\n<\/div><\/div><\/div><\/div><\/div><\/div><\/div><\/div><\/div><\/div><\/div><\/div><\/div><\/div><script id=\"script-row-unique-1\" data-row=\"script-row-unique-1\" type=\"text\/javascript\" class=\"vc_controls\">UNCODE.initRow(document.getElementById(\"row-unique-1\"));<\/script><\/div><\/div><\/div><div data-parent=\"true\" class=\"vc_row has-bg need-focus style-color-810884-bg row-container onepage-section\" data-label=\"porc\" data-name=\"porc\" id=\"row-unique-2\"><div class=\"row double-top-padding double-bottom-padding single-h-padding limit-width row-parent\"><div class=\"wpb_row row-inner\"><div class=\"wpb_column pos-top pos-center align_center column_parent col-lg-12 single-internal-gutter\"><div class=\"uncol style-light\"  ><div class=\"uncoltable\"><div class=\"uncell no-block-padding\" ><div class=\"uncont\" ><div class=\"vc_row row-internal row-container\"><div class=\"row row-child\"><div class=\"wpb_row row-inner\"><div class=\"wpb_column pos-top pos-center align_center column_child col-lg-12 single-internal-gutter\"><div class=\"uncol style-light\" ><div class=\"uncoltable\"><div class=\"uncell no-block-padding\" ><div class=\"uncont\" ><div class=\"vc_custom_heading_wrap\"><div class=\"heading-text el-text\" ><h2 class=\"font-219816 h2 text-uppercase\" ><span>Direktverkauf von Schweinefleisch aus Freilandhaltung<\/span><\/h2><\/div><div class=\"clear\"><\/div><\/div><div class=\"vc_custom_heading_wrap\"><div class=\"heading-text el-text\" ><h2 class=\"font-555555 h5 font-weight-600\" ><span>Bestellen Sie Ihr Schweinefleischpaket f\u00fcr Anfang September vor<\/span><\/h2><\/div><div class=\"clear\"><\/div><\/div><div class=\"uncode-single-media  text-center\"><div class=\"single-wrapper\" style=\"max-width: 30%;\"><div class=\"tmb tmb-light  tmb-media-first tmb-media-last tmb-content-overlay tmb-no-bg\"><div class=\"t-inside\"><div class=\"t-entry-visual\"><div class=\"t-entry-visual-tc\"><div class=\"uncode-single-media-wrapper\"><img decoding=\"async\" class=\"wp-image-372\" src=\"https:\/\/saveurs-cerneux-belin.ch\/wp-content\/uploads\/pack_viande-porc.png\" width=\"1303\" height=\"1111\" alt=\"\" srcset=\"https:\/\/saveurs-cerneux-belin.ch\/wp-content\/uploads\/pack_viande-porc.png 1303w, https:\/\/saveurs-cerneux-belin.ch\/wp-content\/uploads\/pack_viande-porc-300x256.png 300w, https:\/\/saveurs-cerneux-belin.ch\/wp-content\/uploads\/pack_viande-porc-1024x873.png 1024w, https:\/\/saveurs-cerneux-belin.ch\/wp-content\/uploads\/pack_viande-porc-768x655.png 768w\" sizes=\"(max-width: 1303px) 100vw, 1303px\" \/><\/div>\n\t\t\t\t\t<\/div>\n\t\t\t\t<\/div><\/div><\/div><\/div><\/div><div class=\"divider-wrapper\"  >\n    <hr class=\"unseparator border-color-629568-color separator-no-padding\"  style=\"border-top-width: 2;\" \/>\n<\/div>\n<div class=\"vc_custom_heading_wrap\"><div class=\"heading-text el-text\" ><h2 class=\"font-219816 h2 text-uppercase\" ><span>Preis<\/span><\/h2><\/div><div class=\"clear\"><\/div><\/div><div class=\"vc_custom_heading_wrap\"><div class=\"heading-text el-text\" ><h2 class=\"font-555555 h4 font-weight-900\" ><span><strong>220.- das Paket<\/strong><\/span><\/h2><\/div><div class=\"clear\"><\/div><\/div><div class=\"vc_custom_heading_wrap\"><div class=\"heading-text el-text\" ><h2 class=\"font-555555 h5 font-weight-600\" ><span>Es besteht auch die M\u00f6glichkeit, ein halbes oder ein ganzes Schwein zu bestellen. Kontaktieren Sie uns f\u00fcr weitere Informationen.<br \/><\/span><span>Die verschiedenen Fleischst\u00fccke werden vakuumiert und etikettiert.<\/span><\/h2><\/div><div class=\"clear\"><\/div><\/div><div class=\"uncode-single-media  text-center\"><div class=\"single-wrapper\" style=\"max-width: 25%;\"><div class=\"tmb tmb-light  tmb-media-first tmb-media-last tmb-content-overlay tmb-no-bg\"><div class=\"t-inside\"><div class=\"t-entry-visual\"><div class=\"t-entry-visual-tc\"><div class=\"uncode-single-media-wrapper\"><img decoding=\"async\" class=\"wp-image-114\" src=\"https:\/\/saveurs-cerneux-belin.ch\/wp-content\/uploads\/sous_vide.png\" width=\"593\" height=\"266\" alt=\"Sous vide\" srcset=\"https:\/\/saveurs-cerneux-belin.ch\/wp-content\/uploads\/sous_vide.png 593w, https:\/\/saveurs-cerneux-belin.ch\/wp-content\/uploads\/sous_vide-300x135.png 300w\" sizes=\"(max-width: 593px) 100vw, 593px\" \/><\/div>\n\t\t\t\t\t<\/div>\n\t\t\t\t<\/div><\/div><\/div><\/div><\/div><div class=\"divider-wrapper\"  >\n    <hr class=\"unseparator border-color-629568-color separator-no-padding\"  style=\"border-top-width: 2;\" \/>\n<\/div>\n<div class=\"vc_custom_heading_wrap\"><div class=\"heading-text el-text\" ><h2 class=\"font-219816 h2 text-uppercase\" ><span>Buchen Sie Ihr Fleischpaket f\u00fcr Anfang September<\/span><\/h2><\/div><div class=\"clear\"><\/div><\/div><\/div><\/div><\/div><\/div><\/div><\/div><\/div><\/div><div class=\"vc_row row-internal row-container\"><div class=\"row row-child\"><div class=\"wpb_row row-inner\"><div class=\"wpb_column pos-top pos-center align_center column_child col-lg-12 single-internal-gutter\"><div class=\"uncol style-light\" ><div class=\"uncoltable\"><div class=\"uncell no-block-padding\" ><div class=\"uncont\" ><div class=\"vc_custom_heading_wrap\"><div class=\"heading-text el-text\" ><h2 class=\"font-555555 h5 font-weight-600\" ><span>Nur auf Bestellung. Abholung ab Hof.<\/span><\/h2><\/div><div class=\"clear\"><\/div><\/div><\/div><\/div><\/div><\/div><\/div><\/div><\/div><\/div><div class=\"vc_row row-internal row-container\"><div class=\"row row-child\"><div class=\"wpb_row row-inner\"><div class=\"wpb_column pos-top pos-center align_center column_child col-lg-12 single-internal-gutter\"><div class=\"uncol style-light\" ><div class=\"uncoltable\"><div class=\"uncell no-block-padding\" ><div class=\"uncont\" ><div class=\"divider-wrapper\"  >\n    <hr class=\"unseparator border-color-629568-color separator-no-padding\"  style=\"border-top-width: 2;\" \/>\n<\/div>\n<div class=\"vc_custom_heading_wrap\"><div class=\"heading-text el-text\" ><h2 class=\"font-219816 h2 text-uppercase\" ><span>Der Inhalt eines Schweinefleischpakets<\/span><\/h2><\/div><div class=\"clear\"><\/div><\/div><div class=\"uncode_text_column\" ><p><strong>H\u00fcftsteak<\/strong><br \/>\n1 Packung \u00e0 500g<\/p>\n<p><strong>Koteletts<\/strong><br \/>\n1 Packung \u00e0 500g<\/p>\n<p><strong>Koteletts<\/strong><br \/>\n3 Packungen \u00e0 500g<\/p>\n<p><strong>Schulterbraten<\/strong><br \/>\n1 Packung \u00e0 500g<\/p>\n<p><strong>Ragout<\/strong><br \/>\n2 Packungen \u00e0 500g<\/p>\n<p><strong>Geschnetzeltes<\/strong><br \/>\n2 Packungen \u00e0 500g<\/p>\n<p><strong>Speck zum Braten<\/strong><br \/>\n2 Packungen \u00e0 500g<\/p>\n<p><strong>Landschinken<\/strong><br \/>\n4 P\u00e4ckchen \u00e0 500g<\/p>\n<p><strong>Saucisse \u00e0\u00a0<\/strong><b>braten<\/b><br \/>\n4 P\u00e4ckchen \u00e0 500g<\/p>\n<\/div><\/div><\/div><\/div><\/div><\/div><\/div><\/div><\/div><\/div><\/div><\/div><\/div><\/div><script id=\"script-row-unique-2\" data-row=\"script-row-unique-2\" type=\"text\/javascript\" class=\"vc_controls\">UNCODE.initRow(document.getElementById(\"row-unique-2\"));<\/script><\/div><\/div><\/div>\n<\/div>","protected":false},"excerpt":{"rendered":"Pour les amateurs de bonne viande: Boeuf et porcViande de boeuf Natura-BeefPour vous proposer la meilleure qualit\u00e9 de viande, nos [...]","protected":false},"author":6,"featured_media":0,"parent":0,"menu_order":0,"comment_status":"closed","ping_status":"closed","template":"","meta":{"footnotes":""},"class_list":["post-109","page","type-page","status-publish","hentry"],"_links":{"self":[{"href":"https:\/\/saveurs-cerneux-belin.ch\/de\/wp-json\/wp\/v2\/pages\/109","targetHints":{"allow":["GET"]}}],"collection":[{"href":"https:\/\/saveurs-cerneux-belin.ch\/de\/wp-json\/wp\/v2\/pages"}],"about":[{"href":"https:\/\/saveurs-cerneux-belin.ch\/de\/wp-json\/wp\/v2\/types\/page"}],"author":[{"embeddable":true,"href":"https:\/\/saveurs-cerneux-belin.ch\/de\/wp-json\/wp\/v2\/users\/6"}],"replies":[{"embeddable":true,"href":"https:\/\/saveurs-cerneux-belin.ch\/de\/wp-json\/wp\/v2\/comments?post=109"}],"version-history":[{"count":92,"href":"https:\/\/saveurs-cerneux-belin.ch\/de\/wp-json\/wp\/v2\/pages\/109\/revisions"}],"predecessor-version":[{"id":659,"href":"https:\/\/saveurs-cerneux-belin.ch\/de\/wp-json\/wp\/v2\/pages\/109\/revisions\/659"}],"wp:attachment":[{"href":"https:\/\/saveurs-cerneux-belin.ch\/de\/wp-json\/wp\/v2\/media?parent=109"}],"curies":[{"name":"wp","href":"https:\/\/api.w.org\/{rel}","templated":true}]}}